{"id":109,"date":"2020-07-16T09:33:31","date_gmt":"2020-07-16T09:33:31","guid":{"rendered":"https:\/\/durmazhavuz.com\/?post_type=product&#038;p=109"},"modified":"2020-07-16T09:33:32","modified_gmt":"2020-07-16T09:33:32","slug":"icten-tasmali-otel-havuzu","status":"publish","type":"product","link":"https:\/\/durmazhavuz.com\/index.php\/urun\/icten-tasmali-otel-havuzu\/","title":{"rendered":"\u0130\u00c7TEN TA\u015eMALI OTEL HAVUZU"},"content":{"rendered":"<h4><span id=\"ctl00_ContentPlaceHolder1_laciklama\">5X5 SERAM\u0130K KAPLAMA<\/span><\/h4>\n","protected":false},"excerpt":{"rendered":"<p>5X5 SERAM\u0130K KAPLAMA<\/p>\n","protected":false},"featured_media":110,"comment_status":"open","ping_status":"closed","template":"","meta":[],"product_cat":[15],"product_tag":[],"_links":{"self":[{"href":"https:\/\/durmazhavuz.com\/index.php\/wp-json\/wp\/v2\/product\/109"}],"collection":[{"href":"https:\/\/durmazhavuz.com\/index.php\/wp-json\/wp\/v2\/product"}],"about":[{"href":"https:\/\/durmazhavuz.com\/index.php\/wp-json\/wp\/v2\/types\/product"}],"replies":[{"embeddable":true,"href":"https:\/\/durmazhavuz.com\/index.php\/wp-json\/wp\/v2\/comments?post=109"}],"wp:featuredmedia":[{"embeddable":true,"href":"https:\/\/durmazhavuz.com\/index.php\/wp-json\/wp\/v2\/media\/110"}],"wp:attachment":[{"href":"https:\/\/durmazhavuz.com\/index.php\/wp-json\/wp\/v2\/media?parent=109"}],"wp:term":[{"taxonomy":"product_cat","embeddable":true,"href":"https:\/\/durmazhavuz.com\/index.php\/wp-json\/wp\/v2\/product_cat?post=109"},{"taxonomy":"product_tag","embeddable":true,"href":"https:\/\/durmazhavuz.com\/index.php\/wp-json\/wp\/v2\/product_tag?post=109"}],"curies":[{"name":"wp","href":"https:\/\/api.w.org\/{rel}","templated":true}]}}