{"id":11,"date":"2020-07-15T21:36:26","date_gmt":"2020-07-15T21:36:26","guid":{"rendered":"https:\/\/durmazhavuz.com\/?post_type=product&#038;p=11"},"modified":"2020-07-18T08:18:40","modified_gmt":"2020-07-18T08:18:40","slug":"prefabrik-havuz","status":"publish","type":"product","link":"https:\/\/durmazhavuz.com\/index.php\/urun\/prefabrik-havuz\/","title":{"rendered":"Prefabrik Havuz"},"content":{"rendered":"<h4><span id=\"ctl00_ContentPlaceHolder1_laciklama\">Prefabrik havuz, \u0130stanbul Prefabrik havuz, Prefabrik havuz fiyatlar\u0131, Prefabrik havuz \u00fcr\u00fcnleri, Kocaeli Gebze Bayramo\u011flu Antalya Mu\u011fla Marmaris Prefabrik havuz, Prefabrik havuz firmalar\u0131, Prefabrik havuz \u00fcreticileri<\/span><\/h4>\n","protected":false},"excerpt":{"rendered":"<p>Prefabrik havuz, \u0130stanbul Prefabrik havuz, Prefabrik havuz fiyatlar\u0131, Prefabrik havuz \u00fcr\u00fcnleri, Kocaeli Gebze Bayramo\u011flu Antalya Mu\u011fla Marmaris Prefabrik havuz, Prefabrik havuz firmalar\u0131, Prefabrik havuz \u00fcreticileri<\/p>\n","protected":false},"featured_media":12,"comment_status":"open","ping_status":"closed","template":"","meta":[],"product_cat":[15,32],"product_tag":[],"_links":{"self":[{"href":"https:\/\/durmazhavuz.com\/index.php\/wp-json\/wp\/v2\/product\/11"}],"collection":[{"href":"https:\/\/durmazhavuz.com\/index.php\/wp-json\/wp\/v2\/product"}],"about":[{"href":"https:\/\/durmazhavuz.com\/index.php\/wp-json\/wp\/v2\/types\/product"}],"replies":[{"embeddable":true,"href":"https:\/\/durmazhavuz.com\/index.php\/wp-json\/wp\/v2\/comments?post=11"}],"wp:featuredmedia":[{"embeddable":true,"href":"https:\/\/durmazhavuz.com\/index.php\/wp-json\/wp\/v2\/media\/12"}],"wp:attachment":[{"href":"https:\/\/durmazhavuz.com\/index.php\/wp-json\/wp\/v2\/media?parent=11"}],"wp:term":[{"taxonomy":"product_cat","embeddable":true,"href":"https:\/\/durmazhavuz.com\/index.php\/wp-json\/wp\/v2\/product_cat?post=11"},{"taxonomy":"product_tag","embeddable":true,"href":"https:\/\/durmazhavuz.com\/index.php\/wp-json\/wp\/v2\/product_tag?post=11"}],"curies":[{"name":"wp","href":"https:\/\/api.w.org\/{rel}","templated":true}]}}