{"id":119,"date":"2020-07-16T09:39:08","date_gmt":"2020-07-16T09:39:08","guid":{"rendered":"https:\/\/durmazhavuz.com\/?post_type=product&#038;p=119"},"modified":"2020-07-16T09:39:08","modified_gmt":"2020-07-16T09:39:08","slug":"havuz-kis-bakimi","status":"publish","type":"product","link":"https:\/\/durmazhavuz.com\/index.php\/urun\/havuz-kis-bakimi\/","title":{"rendered":"havuz k\u0131\u015f bak\u0131m\u0131"},"content":{"rendered":"<h2><span id=\"ctl00_ContentPlaceHolder1_urunadi\">havuz k\u0131\u015f bak\u0131m\u0131<\/span><\/h2>\n","protected":false},"excerpt":{"rendered":"<p>havuz k\u0131\u015f bak\u0131m\u0131<\/p>\n","protected":false},"featured_media":121,"comment_status":"open","ping_status":"closed","template":"","meta":[],"product_cat":[15],"product_tag":[],"_links":{"self":[{"href":"https:\/\/durmazhavuz.com\/index.php\/wp-json\/wp\/v2\/product\/119"}],"collection":[{"href":"https:\/\/durmazhavuz.com\/index.php\/wp-json\/wp\/v2\/product"}],"about":[{"href":"https:\/\/durmazhavuz.com\/index.php\/wp-json\/wp\/v2\/types\/product"}],"replies":[{"embeddable":true,"href":"https:\/\/durmazhavuz.com\/index.php\/wp-json\/wp\/v2\/comments?post=119"}],"wp:featuredmedia":[{"embeddable":true,"href":"https:\/\/durmazhavuz.com\/index.php\/wp-json\/wp\/v2\/media\/121"}],"wp:attachment":[{"href":"https:\/\/durmazhavuz.com\/index.php\/wp-json\/wp\/v2\/media?parent=119"}],"wp:term":[{"taxonomy":"product_cat","embeddable":true,"href":"https:\/\/durmazhavuz.com\/index.php\/wp-json\/wp\/v2\/product_cat?post=119"},{"taxonomy":"product_tag","embeddable":true,"href":"https:\/\/durmazhavuz.com\/index.php\/wp-json\/wp\/v2\/product_tag?post=119"}],"curies":[{"name":"wp","href":"https:\/\/api.w.org\/{rel}","templated":true}]}}