{"id":13,"date":"2020-07-15T21:37:46","date_gmt":"2020-07-15T21:37:46","guid":{"rendered":"https:\/\/durmazhavuz.com\/?post_type=product&#038;p=13"},"modified":"2020-07-18T08:22:45","modified_gmt":"2020-07-18T08:22:45","slug":"havuz-bakimi","status":"publish","type":"product","link":"https:\/\/durmazhavuz.com\/index.php\/urun\/havuz-bakimi\/","title":{"rendered":"Havuz Bak\u0131m\u0131"},"content":{"rendered":"<h4><span id=\"ctl00_ContentPlaceHolder1_laciklama\">y\u00fczme havuz fiyatlar\u0131 havuz bak\u0131m\u0131 \u0130stanbul havuz tadilat\u0131 yapan firmalar havuz bak\u0131m\u0131 firmalar\u0131 \u0130stanbulda havuz bak\u0131m\u0131 Kocaeli Gebze Bayramo\u011flu dar\u0131ca havuz bak\u0131m\u0131<\/span><\/h4>\n","protected":false},"excerpt":{"rendered":"<p>y\u00fczme havuz fiyatlar\u0131 havuz bak\u0131m\u0131 \u0130stanbul havuz tadilat\u0131 yapan firmalar havuz bak\u0131m\u0131 firmalar\u0131 \u0130stanbulda havuz bak\u0131m\u0131 Kocaeli Gebze Bayramo\u011flu dar\u0131ca havuz bak\u0131m\u0131<\/p>\n","protected":false},"featured_media":14,"comment_status":"open","ping_status":"closed","template":"","meta":[],"product_cat":[33],"product_tag":[],"_links":{"self":[{"href":"https:\/\/durmazhavuz.com\/index.php\/wp-json\/wp\/v2\/product\/13"}],"collection":[{"href":"https:\/\/durmazhavuz.com\/index.php\/wp-json\/wp\/v2\/product"}],"about":[{"href":"https:\/\/durmazhavuz.com\/index.php\/wp-json\/wp\/v2\/types\/product"}],"replies":[{"embeddable":true,"href":"https:\/\/durmazhavuz.com\/index.php\/wp-json\/wp\/v2\/comments?post=13"}],"wp:featuredmedia":[{"embeddable":true,"href":"https:\/\/durmazhavuz.com\/index.php\/wp-json\/wp\/v2\/media\/14"}],"wp:attachment":[{"href":"https:\/\/durmazhavuz.com\/index.php\/wp-json\/wp\/v2\/media?parent=13"}],"wp:term":[{"taxonomy":"product_cat","embeddable":true,"href":"https:\/\/durmazhavuz.com\/index.php\/wp-json\/wp\/v2\/product_cat?post=13"},{"taxonomy":"product_tag","embeddable":true,"href":"https:\/\/durmazhavuz.com\/index.php\/wp-json\/wp\/v2\/product_tag?post=13"}],"curies":[{"name":"wp","href":"https:\/\/api.w.org\/{rel}","templated":true}]}}