{"id":138,"date":"2020-07-16T09:52:09","date_gmt":"2020-07-16T09:52:09","guid":{"rendered":"https:\/\/durmazhavuz.com\/?post_type=product&#038;p=138"},"modified":"2020-07-18T08:14:20","modified_gmt":"2020-07-18T08:14:20","slug":"hazir-havuz-3","status":"publish","type":"product","link":"https:\/\/durmazhavuz.com\/index.php\/urun\/hazir-havuz-3\/","title":{"rendered":"Haz\u0131r Havuz"},"content":{"rendered":"<h4><span id=\"ctl00_ContentPlaceHolder1_laciklama\">Haz\u0131r havuz, \u0130stanbul haz\u0131r havuz, haz\u0131r havuz fiyatlar\u0131, haz\u0131r havuz \u00fcr\u00fcnleri, Kocaeli Gebze Bayramo\u011flu Antalya Mu\u011fla Marmaris haz\u0131r havuz, haz\u0131r havuz firmalar\u0131, haz\u0131r havuz \u00fcreticileri<\/span><\/h4>\n","protected":false},"excerpt":{"rendered":"<p>Haz\u0131r havuz, \u0130stanbul haz\u0131r havuz, haz\u0131r havuz fiyatlar\u0131, haz\u0131r havuz \u00fcr\u00fcnleri, Kocaeli Gebze Bayramo\u011flu Antalya Mu\u011fla Marmaris haz\u0131r havuz, haz\u0131r havuz firmalar\u0131, haz\u0131r havuz \u00fcreticileri<\/p>\n","protected":false},"featured_media":139,"comment_status":"open","ping_status":"closed","template":"","meta":[],"product_cat":[29],"product_tag":[],"_links":{"self":[{"href":"https:\/\/durmazhavuz.com\/index.php\/wp-json\/wp\/v2\/product\/138"}],"collection":[{"href":"https:\/\/durmazhavuz.com\/index.php\/wp-json\/wp\/v2\/product"}],"about":[{"href":"https:\/\/durmazhavuz.com\/index.php\/wp-json\/wp\/v2\/types\/product"}],"replies":[{"embeddable":true,"href":"https:\/\/durmazhavuz.com\/index.php\/wp-json\/wp\/v2\/comments?post=138"}],"wp:featuredmedia":[{"embeddable":true,"href":"https:\/\/durmazhavuz.com\/index.php\/wp-json\/wp\/v2\/media\/139"}],"wp:attachment":[{"href":"https:\/\/durmazhavuz.com\/index.php\/wp-json\/wp\/v2\/media?parent=138"}],"wp:term":[{"taxonomy":"product_cat","embeddable":true,"href":"https:\/\/durmazhavuz.com\/index.php\/wp-json\/wp\/v2\/product_cat?post=138"},{"taxonomy":"product_tag","embeddable":true,"href":"https:\/\/durmazhavuz.com\/index.php\/wp-json\/wp\/v2\/product_tag?post=138"}],"curies":[{"name":"wp","href":"https:\/\/api.w.org\/{rel}","templated":true}]}}