{"id":140,"date":"2020-07-16T09:53:36","date_gmt":"2020-07-16T09:53:36","guid":{"rendered":"https:\/\/durmazhavuz.com\/?post_type=product&#038;p=140"},"modified":"2020-07-18T08:24:13","modified_gmt":"2020-07-18T08:24:13","slug":"havuz-bakimi-ve-temizligi","status":"publish","type":"product","link":"https:\/\/durmazhavuz.com\/index.php\/urun\/havuz-bakimi-ve-temizligi\/","title":{"rendered":"Havuz bak\u0131m\u0131 ve temizli\u011fi"},"content":{"rendered":"<h4><span id=\"ctl00_ContentPlaceHolder1_laciklama\">Havuz bak\u0131m\u0131 ve temizli\u011fi nas\u0131l yap\u0131l\u0131r?<\/span><\/h4>\n","protected":false},"excerpt":{"rendered":"<p>Havuz bak\u0131m\u0131 ve temizli\u011fi nas\u0131l yap\u0131l\u0131r?<\/p>\n","protected":false},"featured_media":141,"comment_status":"open","ping_status":"closed","template":"","meta":[],"product_cat":[33],"product_tag":[],"_links":{"self":[{"href":"https:\/\/durmazhavuz.com\/index.php\/wp-json\/wp\/v2\/product\/140"}],"collection":[{"href":"https:\/\/durmazhavuz.com\/index.php\/wp-json\/wp\/v2\/product"}],"about":[{"href":"https:\/\/durmazhavuz.com\/index.php\/wp-json\/wp\/v2\/types\/product"}],"replies":[{"embeddable":true,"href":"https:\/\/durmazhavuz.com\/index.php\/wp-json\/wp\/v2\/comments?post=140"}],"wp:featuredmedia":[{"embeddable":true,"href":"https:\/\/durmazhavuz.com\/index.php\/wp-json\/wp\/v2\/media\/141"}],"wp:attachment":[{"href":"https:\/\/durmazhavuz.com\/index.php\/wp-json\/wp\/v2\/media?parent=140"}],"wp:term":[{"taxonomy":"product_cat","embeddable":true,"href":"https:\/\/durmazhavuz.com\/index.php\/wp-json\/wp\/v2\/product_cat?post=140"},{"taxonomy":"product_tag","embeddable":true,"href":"https:\/\/durmazhavuz.com\/index.php\/wp-json\/wp\/v2\/product_tag?post=140"}],"curies":[{"name":"wp","href":"https:\/\/api.w.org\/{rel}","templated":true}]}}