{"id":15,"date":"2020-07-15T21:39:07","date_gmt":"2020-07-15T21:39:07","guid":{"rendered":"https:\/\/durmazhavuz.com\/?post_type=product&#038;p=15"},"modified":"2020-07-18T08:21:20","modified_gmt":"2020-07-18T08:21:20","slug":"havuz-filtrasyon-sistemi","status":"publish","type":"product","link":"https:\/\/durmazhavuz.com\/index.php\/urun\/havuz-filtrasyon-sistemi\/","title":{"rendered":"Havuz Filtrasyon Sistemi"},"content":{"rendered":"<h4><span id=\"ctl00_ContentPlaceHolder1_laciklama\">F\u0130LTRASYON Y\u00fczme havuzunda bulunan yabanc\u0131 maddeleri ve kat\u0131 pislikleri ar\u0131tmak i\u00e7in bir pompa\/ filtre sistemi bulunmaktad\u0131r. Bunun g\u00f6revi hem kat\u0131lar\u0131 tutmak hem de suyun sirk\u00fclasyonu ve kar\u0131\u015fmas\u0131d\u0131r. Filtrasyon sistemine destek vermek amac\u0131yla havuz f\u0131r\u00e7alan\u0131r ve dip s\u00fcp\u00fcrgesi yap\u0131l\u0131r. Bunun yan\u0131 s\u0131ra, filtre temizlenmelidir ve filtrenin kumu, torbas\u0131 veya kartu\u015fu temizlenme ve aral\u0131kla de\u011fi\u015ftirilme ihtiyac\u0131 ta\u015f\u0131r. Havuzunuza ne kadar kimyasal gerekti\u011fini kolayca hesaplamak i\u00e7in, size \u00f6zel havuz hesap makinalar\u0131 tasarlad\u0131k. Su tahlil sonu\u00e7lar\u0131 ile bu hesap makinalar\u0131 sayesinde havuzdaki kimyasal &#8220;tahminleri&#8221; ortadan kalkar. S\u0131k bir havuz bak\u0131m d\u00fczeni olas\u0131l\u0131kla sorunlar\u0131 \u00f6nler ve havuzu rahatl\u0131kla denge de tutar. Sorunlar ve dengesizlikleri \u00f6nlemek hem \u00e7ok daha kolay hem de \u00e7ok daha hesapl\u0131d\u0131r. Havuzunuzun g\u00fcnl\u00fck, haftal\u0131k ve ayl\u0131k bak\u0131mlar\u0131n\u0131 l\u00fctfen ihmal etmeyiniz.<\/span><\/h4>\n<div id=\"ctl00_ContentPlaceHolder1_facebookdiv\">\n<div class=\"fb-like fb_iframe_widget\" data-href=\"https:\/\/www.durmazhavuz.com:443\/Detay.aspx?id=1197\" data-layout=\"button_count\" data-action=\"like\" data-show-faces=\"false\" data-share=\"true\"><\/div>\n<\/div>\n","protected":false},"excerpt":{"rendered":"<p>F\u0130LTRASYON Y\u00fczme havuzunda bulunan yabanc\u0131 maddeleri ve kat\u0131 pislikleri ar\u0131tmak i\u00e7in bir pompa\/ filtre sistemi bulunmaktad\u0131r. Bunun g\u00f6revi hem kat\u0131lar\u0131 tutmak hem de suyun sirk\u00fclasyonu ve kar\u0131\u015fmas\u0131d\u0131r. Filtrasyon sistemine destek vermek amac\u0131yla havuz f\u0131r\u00e7alan\u0131r ve dip s\u00fcp\u00fcrgesi yap\u0131l\u0131r. Bunun yan\u0131 s\u0131ra, filtre temizlenmelidir ve filtrenin kumu, torbas\u0131 veya kartu\u015fu temizlenme ve aral\u0131kla de\u011fi\u015ftirilme ihtiyac\u0131 ta\u015f\u0131r. Havuzunuza ne kadar kimyasal gerekti\u011fini kolayca hesaplamak i\u00e7in, size \u00f6zel havuz hesap makinalar\u0131 tasarlad\u0131k. Su tahlil sonu\u00e7lar\u0131 ile bu hesap makinalar\u0131 sayesinde havuzdaki kimyasal &#8220;tahminleri&#8221; ortadan kalkar. S\u0131k bir havuz bak\u0131m d\u00fczeni olas\u0131l\u0131kla sorunlar\u0131 \u00f6nler&hellip;<\/p>\n","protected":false},"featured_media":16,"comment_status":"open","ping_status":"closed","template":"","meta":[],"product_cat":[33],"product_tag":[],"_links":{"self":[{"href":"https:\/\/durmazhavuz.com\/index.php\/wp-json\/wp\/v2\/product\/15"}],"collection":[{"href":"https:\/\/durmazhavuz.com\/index.php\/wp-json\/wp\/v2\/product"}],"about":[{"href":"https:\/\/durmazhavuz.com\/index.php\/wp-json\/wp\/v2\/types\/product"}],"replies":[{"embeddable":true,"href":"https:\/\/durmazhavuz.com\/index.php\/wp-json\/wp\/v2\/comments?post=15"}],"wp:featuredmedia":[{"embeddable":true,"href":"https:\/\/durmazhavuz.com\/index.php\/wp-json\/wp\/v2\/media\/16"}],"wp:attachment":[{"href":"https:\/\/durmazhavuz.com\/index.php\/wp-json\/wp\/v2\/media?parent=15"}],"wp:term":[{"taxonomy":"product_cat","embeddable":true,"href":"https:\/\/durmazhavuz.com\/index.php\/wp-json\/wp\/v2\/product_cat?post=15"},{"taxonomy":"product_tag","embeddable":true,"href":"https:\/\/durmazhavuz.com\/index.php\/wp-json\/wp\/v2\/product_tag?post=15"}],"curies":[{"name":"wp","href":"https:\/\/api.w.org\/{rel}","templated":true}]}}