{"id":164,"date":"2020-07-16T10:01:53","date_gmt":"2020-07-16T10:01:53","guid":{"rendered":"https:\/\/durmazhavuz.com\/?post_type=product&#038;p=164"},"modified":"2020-07-16T10:01:53","modified_gmt":"2020-07-16T10:01:53","slug":"dozaj-pompasi","status":"publish","type":"product","link":"https:\/\/durmazhavuz.com\/index.php\/urun\/dozaj-pompasi\/","title":{"rendered":"Dozaj Pompas\u0131"},"content":{"rendered":"<h4><span id=\"ctl00_ContentPlaceHolder1_laciklama\">&#8211; 60&#215;90 panel \u00fczerinde ba\u011flant\u0131 elemanlar\u0131 monte edilmi\u015f halde &#8211; Poolsaver TETRA &#8211; Pislik tutucu \u00f6n filtre, elektrot ak\u0131\u015f h\u00fccresi &#8211; Giri\u015f- \u00e7\u0131k\u0131\u015f ve numune alma vanas\u0131 &#8211; Kalibrasyon raf\u0131 &#8211; pH ve ORP elektrodu -S\u0130STEM 02 DP 450 modellerde, 2 adet LARA A 5L\/7B pompa montajl\u0131d\u0131r. 450 m3 ?e kadar olan havuzlar i\u00e7in uygundur. &#8211; S\u0130STEM 02 DP 750 modellerde, 2 adet LARA A 10L\/5B pompa montajl\u0131d\u0131r. 750 m3?e kadar olan havuzlar i\u00e7in uygundur. &#8211; S\u0130STEM 02 DP 1500 modellerde, 2 adet CLS A 20L\/5B pompa montajl\u0131d\u0131r. 1500 m3?e kadar olan havuzlar i\u00e7in uygundur.<\/span><\/h4>\n","protected":false},"excerpt":{"rendered":"<p>&#8211; 60&#215;90 panel \u00fczerinde ba\u011flant\u0131 elemanlar\u0131 monte edilmi\u015f halde &#8211; Poolsaver TETRA &#8211; Pislik tutucu \u00f6n filtre, elektrot ak\u0131\u015f h\u00fccresi &#8211; Giri\u015f- \u00e7\u0131k\u0131\u015f ve numune alma vanas\u0131 &#8211; Kalibrasyon raf\u0131 &#8211; pH ve ORP elektrodu -S\u0130STEM 02 DP 450 modellerde, 2 adet LARA A 5L\/7B pompa montajl\u0131d\u0131r. 450 m3 ?e kadar olan havuzlar i\u00e7in uygundur. &#8211; S\u0130STEM 02 DP 750 modellerde, 2 adet LARA A 10L\/5B pompa montajl\u0131d\u0131r. 750 m3?e kadar olan havuzlar i\u00e7in uygundur. &#8211; S\u0130STEM 02 DP 1500 modellerde, 2 adet CLS A 20L\/5B pompa montajl\u0131d\u0131r. 1500 m3?e&hellip;<\/p>\n","protected":false},"featured_media":165,"comment_status":"open","ping_status":"closed","template":"","meta":[],"product_cat":[15],"product_tag":[],"_links":{"self":[{"href":"https:\/\/durmazhavuz.com\/index.php\/wp-json\/wp\/v2\/product\/164"}],"collection":[{"href":"https:\/\/durmazhavuz.com\/index.php\/wp-json\/wp\/v2\/product"}],"about":[{"href":"https:\/\/durmazhavuz.com\/index.php\/wp-json\/wp\/v2\/types\/product"}],"replies":[{"embeddable":true,"href":"https:\/\/durmazhavuz.com\/index.php\/wp-json\/wp\/v2\/comments?post=164"}],"wp:featuredmedia":[{"embeddable":true,"href":"https:\/\/durmazhavuz.com\/index.php\/wp-json\/wp\/v2\/media\/165"}],"wp:attachment":[{"href":"https:\/\/durmazhavuz.com\/index.php\/wp-json\/wp\/v2\/media?parent=164"}],"wp:term":[{"taxonomy":"product_cat","embeddable":true,"href":"https:\/\/durmazhavuz.com\/index.php\/wp-json\/wp\/v2\/product_cat?post=164"},{"taxonomy":"product_tag","embeddable":true,"href":"https:\/\/durmazhavuz.com\/index.php\/wp-json\/wp\/v2\/product_tag?post=164"}],"curies":[{"name":"wp","href":"https:\/\/api.w.org\/{rel}","templated":true}]}}