{"id":172,"date":"2020-07-16T10:03:58","date_gmt":"2020-07-16T10:03:58","guid":{"rendered":"https:\/\/durmazhavuz.com\/?post_type=product&#038;p=172"},"modified":"2020-07-16T10:03:59","modified_gmt":"2020-07-16T10:03:59","slug":"otomatik-havuz-robotu","status":"publish","type":"product","link":"https:\/\/durmazhavuz.com\/index.php\/urun\/otomatik-havuz-robotu\/","title":{"rendered":"Otomatik Havuz Robotu"},"content":{"rendered":"<h4><span id=\"ctl00_ContentPlaceHolder1_laciklama\">Otomatik Havuz Robotu prefabrik havuz \u0130stanbul Havuz Robotu fiyatlar\u0131 Y\u00fczme havuz \u00fcr\u00fcnleri Kocaeli Gebze dar\u0131ca Bayramo\u011flu Antalya Mu\u011fla Marmaris Havuz Robotu Havuz Robotu firmalar\u0131<\/span><\/h4>\n","protected":false},"excerpt":{"rendered":"<p>Otomatik Havuz Robotu prefabrik havuz \u0130stanbul Havuz Robotu fiyatlar\u0131 Y\u00fczme havuz \u00fcr\u00fcnleri Kocaeli Gebze dar\u0131ca Bayramo\u011flu Antalya Mu\u011fla Marmaris Havuz Robotu Havuz Robotu firmalar\u0131<\/p>\n","protected":false},"featured_media":173,"comment_status":"open","ping_status":"closed","template":"","meta":[],"product_cat":[15],"product_tag":[],"_links":{"self":[{"href":"https:\/\/durmazhavuz.com\/index.php\/wp-json\/wp\/v2\/product\/172"}],"collection":[{"href":"https:\/\/durmazhavuz.com\/index.php\/wp-json\/wp\/v2\/product"}],"about":[{"href":"https:\/\/durmazhavuz.com\/index.php\/wp-json\/wp\/v2\/types\/product"}],"replies":[{"embeddable":true,"href":"https:\/\/durmazhavuz.com\/index.php\/wp-json\/wp\/v2\/comments?post=172"}],"wp:featuredmedia":[{"embeddable":true,"href":"https:\/\/durmazhavuz.com\/index.php\/wp-json\/wp\/v2\/media\/173"}],"wp:attachment":[{"href":"https:\/\/durmazhavuz.com\/index.php\/wp-json\/wp\/v2\/media?parent=172"}],"wp:term":[{"taxonomy":"product_cat","embeddable":true,"href":"https:\/\/durmazhavuz.com\/index.php\/wp-json\/wp\/v2\/product_cat?post=172"},{"taxonomy":"product_tag","embeddable":true,"href":"https:\/\/durmazhavuz.com\/index.php\/wp-json\/wp\/v2\/product_tag?post=172"}],"curies":[{"name":"wp","href":"https:\/\/api.w.org\/{rel}","templated":true}]}}