{"id":180,"date":"2020-07-16T10:07:37","date_gmt":"2020-07-16T10:07:37","guid":{"rendered":"https:\/\/durmazhavuz.com\/?post_type=product&#038;p=180"},"modified":"2020-07-18T08:26:41","modified_gmt":"2020-07-18T08:26:41","slug":"havuz-bakim-ve-isletme","status":"publish","type":"product","link":"https:\/\/durmazhavuz.com\/index.php\/urun\/havuz-bakim-ve-isletme\/","title":{"rendered":"Havuz Bak\u0131m ve \u0130\u015fletme"},"content":{"rendered":"<h2><span id=\"ctl00_ContentPlaceHolder1_urunadi\">Havuz Bak\u0131m ve \u0130\u015fletme<\/span><\/h2>\n","protected":false},"excerpt":{"rendered":"<p>Havuz Bak\u0131m ve \u0130\u015fletme<\/p>\n","protected":false},"featured_media":181,"comment_status":"open","ping_status":"closed","template":"","meta":[],"product_cat":[33],"product_tag":[],"_links":{"self":[{"href":"https:\/\/durmazhavuz.com\/index.php\/wp-json\/wp\/v2\/product\/180"}],"collection":[{"href":"https:\/\/durmazhavuz.com\/index.php\/wp-json\/wp\/v2\/product"}],"about":[{"href":"https:\/\/durmazhavuz.com\/index.php\/wp-json\/wp\/v2\/types\/product"}],"replies":[{"embeddable":true,"href":"https:\/\/durmazhavuz.com\/index.php\/wp-json\/wp\/v2\/comments?post=180"}],"wp:featuredmedia":[{"embeddable":true,"href":"https:\/\/durmazhavuz.com\/index.php\/wp-json\/wp\/v2\/media\/181"}],"wp:attachment":[{"href":"https:\/\/durmazhavuz.com\/index.php\/wp-json\/wp\/v2\/media?parent=180"}],"wp:term":[{"taxonomy":"product_cat","embeddable":true,"href":"https:\/\/durmazhavuz.com\/index.php\/wp-json\/wp\/v2\/product_cat?post=180"},{"taxonomy":"product_tag","embeddable":true,"href":"https:\/\/durmazhavuz.com\/index.php\/wp-json\/wp\/v2\/product_tag?post=180"}],"curies":[{"name":"wp","href":"https:\/\/api.w.org\/{rel}","templated":true}]}}