{"id":199,"date":"2020-07-16T10:13:03","date_gmt":"2020-07-16T10:13:03","guid":{"rendered":"https:\/\/durmazhavuz.com\/?post_type=product&#038;p=199"},"modified":"2020-07-16T10:35:22","modified_gmt":"2020-07-16T10:35:22","slug":"alize-park-sitesi","status":"publish","type":"product","link":"https:\/\/durmazhavuz.com\/index.php\/urun\/alize-park-sitesi\/","title":{"rendered":"AL\u0130ZE PARK S\u0130TES\u0130"},"content":{"rendered":"<h4><span id=\"ctl00_ContentPlaceHolder1_laciklama\">TUZLU SU S\u0130STEM\u0130, TAD\u0130LAT VE DERZ \u0130\u015eLEM\u0130<\/span><\/h4>\n","protected":false},"excerpt":{"rendered":"<p>TUZLU SU S\u0130STEM\u0130, TAD\u0130LAT VE DERZ \u0130\u015eLEM\u0130<\/p>\n","protected":false},"featured_media":200,"comment_status":"open","ping_status":"closed","template":"","meta":[],"product_cat":[48],"product_tag":[],"_links":{"self":[{"href":"https:\/\/durmazhavuz.com\/index.php\/wp-json\/wp\/v2\/product\/199"}],"collection":[{"href":"https:\/\/durmazhavuz.com\/index.php\/wp-json\/wp\/v2\/product"}],"about":[{"href":"https:\/\/durmazhavuz.com\/index.php\/wp-json\/wp\/v2\/types\/product"}],"replies":[{"embeddable":true,"href":"https:\/\/durmazhavuz.com\/index.php\/wp-json\/wp\/v2\/comments?post=199"}],"wp:featuredmedia":[{"embeddable":true,"href":"https:\/\/durmazhavuz.com\/index.php\/wp-json\/wp\/v2\/media\/200"}],"wp:attachment":[{"href":"https:\/\/durmazhavuz.com\/index.php\/wp-json\/wp\/v2\/media?parent=199"}],"wp:term":[{"taxonomy":"product_cat","embeddable":true,"href":"https:\/\/durmazhavuz.com\/index.php\/wp-json\/wp\/v2\/product_cat?post=199"},{"taxonomy":"product_tag","embeddable":true,"href":"https:\/\/durmazhavuz.com\/index.php\/wp-json\/wp\/v2\/product_tag?post=199"}],"curies":[{"name":"wp","href":"https:\/\/api.w.org\/{rel}","templated":true}]}}