{"id":253,"date":"2020-07-19T08:02:34","date_gmt":"2020-07-19T08:02:34","guid":{"rendered":"https:\/\/durmazhavuz.com\/?post_type=product&#038;p=253"},"modified":"2020-07-19T08:02:34","modified_gmt":"2020-07-19T08:02:34","slug":"havuz-filtreleri","status":"publish","type":"product","link":"https:\/\/durmazhavuz.com\/index.php\/urun\/havuz-filtreleri\/","title":{"rendered":"HAVUZ F\u0130LTRELER\u0130"},"content":{"rendered":"<h4><span id=\"ctl00_ContentPlaceHolder1_laciklama\">Havuz Kum Filtresi \u00c7ap\u0131 : 500 mmx920 mm EPDM contalar ve tamamen paslanmaz \u00e7elik civata-somun kullanilmaktadir. -Lamine polyesterden mam\u00fcl. -Metalik k\u0131rm\u0131z\u0131 renk. -Bas\u0131n\u00e7 manometresi, 6 yollu vana ve ba\u011flant\u0131 par\u00e7alar\u0131 ile birlikte.<\/span><\/h4>\n","protected":false},"excerpt":{"rendered":"<p>Havuz Kum Filtresi \u00c7ap\u0131 : 500 mmx920 mm EPDM contalar ve tamamen paslanmaz \u00e7elik civata-somun kullanilmaktadir. -Lamine polyesterden mam\u00fcl. -Metalik k\u0131rm\u0131z\u0131 renk. -Bas\u0131n\u00e7 manometresi, 6 yollu vana ve ba\u011flant\u0131 par\u00e7alar\u0131 ile birlikte.<\/p>\n","protected":false},"featured_media":254,"comment_status":"open","ping_status":"closed","template":"","meta":[],"product_cat":[34],"product_tag":[],"_links":{"self":[{"href":"https:\/\/durmazhavuz.com\/index.php\/wp-json\/wp\/v2\/product\/253"}],"collection":[{"href":"https:\/\/durmazhavuz.com\/index.php\/wp-json\/wp\/v2\/product"}],"about":[{"href":"https:\/\/durmazhavuz.com\/index.php\/wp-json\/wp\/v2\/types\/product"}],"replies":[{"embeddable":true,"href":"https:\/\/durmazhavuz.com\/index.php\/wp-json\/wp\/v2\/comments?post=253"}],"wp:featuredmedia":[{"embeddable":true,"href":"https:\/\/durmazhavuz.com\/index.php\/wp-json\/wp\/v2\/media\/254"}],"wp:attachment":[{"href":"https:\/\/durmazhavuz.com\/index.php\/wp-json\/wp\/v2\/media?parent=253"}],"wp:term":[{"taxonomy":"product_cat","embeddable":true,"href":"https:\/\/durmazhavuz.com\/index.php\/wp-json\/wp\/v2\/product_cat?post=253"},{"taxonomy":"product_tag","embeddable":true,"href":"https:\/\/durmazhavuz.com\/index.php\/wp-json\/wp\/v2\/product_tag?post=253"}],"curies":[{"name":"wp","href":"https:\/\/api.w.org\/{rel}","templated":true}]}}