{"id":261,"date":"2020-07-19T08:10:32","date_gmt":"2020-07-19T08:10:32","guid":{"rendered":"https:\/\/durmazhavuz.com\/?post_type=product&#038;p=261"},"modified":"2020-07-19T08:10:32","modified_gmt":"2020-07-19T08:10:32","slug":"havuz-kenar-ekipmanlari","status":"publish","type":"product","link":"https:\/\/durmazhavuz.com\/index.php\/urun\/havuz-kenar-ekipmanlari\/","title":{"rendered":"HAVUZ KENAR EK\u0130PMANLARI"},"content":{"rendered":"<h4><span id=\"ctl00_ContentPlaceHolder1_laciklama\">Havuz kenarlar\u0131 i\u00e7in a\u015fa\u011f\u0131daki ba\u015fl\u0131klar\u0131 s\u0131ralayabiliriz. **Paslanmaz \u00c7elik Havuz Merdivenleri **Par\u00e7al\u0131 Merdiven Tutamaklar\u0131 **Merdiven Tutamaklar\u0131 **Havuz Kayd\u0131raklar\u0131 **Ta\u015fma Izgaralar\u0131 **Tramplenler **Havuz Du\u015flar\u0131 **Merdiven Aksesuarlar\u0131<\/span><\/h4>\n","protected":false},"excerpt":{"rendered":"<p>Havuz kenarlar\u0131 i\u00e7in a\u015fa\u011f\u0131daki ba\u015fl\u0131klar\u0131 s\u0131ralayabiliriz. **Paslanmaz \u00c7elik Havuz Merdivenleri **Par\u00e7al\u0131 Merdiven Tutamaklar\u0131 **Merdiven Tutamaklar\u0131 **Havuz Kayd\u0131raklar\u0131 **Ta\u015fma Izgaralar\u0131 **Tramplenler **Havuz Du\u015flar\u0131 **Merdiven Aksesuarlar\u0131<\/p>\n","protected":false},"featured_media":262,"comment_status":"open","ping_status":"closed","template":"","meta":[],"product_cat":[34],"product_tag":[],"_links":{"self":[{"href":"https:\/\/durmazhavuz.com\/index.php\/wp-json\/wp\/v2\/product\/261"}],"collection":[{"href":"https:\/\/durmazhavuz.com\/index.php\/wp-json\/wp\/v2\/product"}],"about":[{"href":"https:\/\/durmazhavuz.com\/index.php\/wp-json\/wp\/v2\/types\/product"}],"replies":[{"embeddable":true,"href":"https:\/\/durmazhavuz.com\/index.php\/wp-json\/wp\/v2\/comments?post=261"}],"wp:featuredmedia":[{"embeddable":true,"href":"https:\/\/durmazhavuz.com\/index.php\/wp-json\/wp\/v2\/media\/262"}],"wp:attachment":[{"href":"https:\/\/durmazhavuz.com\/index.php\/wp-json\/wp\/v2\/media?parent=261"}],"wp:term":[{"taxonomy":"product_cat","embeddable":true,"href":"https:\/\/durmazhavuz.com\/index.php\/wp-json\/wp\/v2\/product_cat?post=261"},{"taxonomy":"product_tag","embeddable":true,"href":"https:\/\/durmazhavuz.com\/index.php\/wp-json\/wp\/v2\/product_tag?post=261"}],"curies":[{"name":"wp","href":"https:\/\/api.w.org\/{rel}","templated":true}]}}