{"id":286,"date":"2020-07-19T08:37:14","date_gmt":"2020-07-19T08:37:14","guid":{"rendered":"https:\/\/durmazhavuz.com\/?post_type=product&#038;p=286"},"modified":"2021-03-19T12:54:49","modified_gmt":"2021-03-19T12:54:49","slug":"betonarme-havuz-3","status":"publish","type":"product","link":"https:\/\/durmazhavuz.com\/index.php\/urun\/betonarme-havuz-3\/","title":{"rendered":"Betonarme Havuz"},"content":{"rendered":"<h4><span id=\"ctl00_ContentPlaceHolder1_laciklama\">Betonarme havuz, \u0130stanbul Betonarme havuz, Betonarme havuz fiyatlar\u0131, Betonarme havuz \u00fcr\u00fcnleri, Kocaeli Gebze Bayramo\u011flu Antalya Mu\u011fla Marmaris Betonarme havuz, Betonarme havuz firmalar\u0131, Betonarme havuz \u00fcreticileri<\/span><\/h4>\n","protected":false},"excerpt":{"rendered":"<p>Betonarme havuz, \u0130stanbul Betonarme havuz, Betonarme havuz fiyatlar\u0131, Betonarme havuz \u00fcr\u00fcnleri, Kocaeli Gebze Bayramo\u011flu Antalya Mu\u011fla Marmaris Betonarme havuz, Betonarme havuz firmalar\u0131, Betonarme havuz \u00fcreticileri<\/p>\n","protected":false},"featured_media":287,"comment_status":"open","ping_status":"closed","template":"","meta":[],"product_cat":[35],"product_tag":[],"_links":{"self":[{"href":"https:\/\/durmazhavuz.com\/index.php\/wp-json\/wp\/v2\/product\/286"}],"collection":[{"href":"https:\/\/durmazhavuz.com\/index.php\/wp-json\/wp\/v2\/product"}],"about":[{"href":"https:\/\/durmazhavuz.com\/index.php\/wp-json\/wp\/v2\/types\/product"}],"replies":[{"embeddable":true,"href":"https:\/\/durmazhavuz.com\/index.php\/wp-json\/wp\/v2\/comments?post=286"}],"wp:featuredmedia":[{"embeddable":true,"href":"https:\/\/durmazhavuz.com\/index.php\/wp-json\/wp\/v2\/media\/287"}],"wp:attachment":[{"href":"https:\/\/durmazhavuz.com\/index.php\/wp-json\/wp\/v2\/media?parent=286"}],"wp:term":[{"taxonomy":"product_cat","embeddable":true,"href":"https:\/\/durmazhavuz.com\/index.php\/wp-json\/wp\/v2\/product_cat?post=286"},{"taxonomy":"product_tag","embeddable":true,"href":"https:\/\/durmazhavuz.com\/index.php\/wp-json\/wp\/v2\/product_tag?post=286"}],"curies":[{"name":"wp","href":"https:\/\/api.w.org\/{rel}","templated":true}]}}