{"id":324,"date":"2020-07-19T09:52:30","date_gmt":"2020-07-19T09:52:30","guid":{"rendered":"https:\/\/durmazhavuz.com\/?post_type=product&#038;p=324"},"modified":"2023-04-01T10:32:04","modified_gmt":"2023-04-01T10:32:04","slug":"havuz-kimyasallari-3","status":"publish","type":"product","link":"https:\/\/durmazhavuz.com\/index.php\/urun\/havuz-kimyasallari-3\/","title":{"rendered":"Havuz Kimyasallar\u0131"},"content":{"rendered":"<h4><span id=\"ctl00_ContentPlaceHolder1_laciklama\">Havuz Kimyasallar\u0131 \u0130stanbul havuz temizli\u011fi Havuz kimyasallar\u0131 fiyatlar\u0131 havuz temizleme \u00fcr\u00fcnleri havuz \u00fcr\u00fcnleri Kocaeli Gebze Bayramo\u011flu havuz kimyasallar\u0131 havuz ila\u00e7lar\u0131 havuz firmalar\u0131<\/span><\/h4>\n","protected":false},"excerpt":{"rendered":"<p>Havuz Kimyasallar\u0131 \u0130stanbul havuz temizli\u011fi Havuz kimyasallar\u0131 fiyatlar\u0131 havuz temizleme \u00fcr\u00fcnleri havuz \u00fcr\u00fcnleri Kocaeli Gebze Bayramo\u011flu havuz kimyasallar\u0131 havuz ila\u00e7lar\u0131 havuz firmalar\u0131<\/p>\n","protected":false},"featured_media":0,"comment_status":"open","ping_status":"closed","template":"","meta":[],"product_cat":[37],"product_tag":[],"_links":{"self":[{"href":"https:\/\/durmazhavuz.com\/index.php\/wp-json\/wp\/v2\/product\/324"}],"collection":[{"href":"https:\/\/durmazhavuz.com\/index.php\/wp-json\/wp\/v2\/product"}],"about":[{"href":"https:\/\/durmazhavuz.com\/index.php\/wp-json\/wp\/v2\/types\/product"}],"replies":[{"embeddable":true,"href":"https:\/\/durmazhavuz.com\/index.php\/wp-json\/wp\/v2\/comments?post=324"}],"wp:attachment":[{"href":"https:\/\/durmazhavuz.com\/index.php\/wp-json\/wp\/v2\/media?parent=324"}],"wp:term":[{"taxonomy":"product_cat","embeddable":true,"href":"https:\/\/durmazhavuz.com\/index.php\/wp-json\/wp\/v2\/product_cat?post=324"},{"taxonomy":"product_tag","embeddable":true,"href":"https:\/\/durmazhavuz.com\/index.php\/wp-json\/wp\/v2\/product_tag?post=324"}],"curies":[{"name":"wp","href":"https:\/\/api.w.org\/{rel}","templated":true}]}}