{"id":328,"date":"2020-07-19T09:55:58","date_gmt":"2020-07-19T09:55:58","guid":{"rendered":"https:\/\/durmazhavuz.com\/?post_type=product&#038;p=328"},"modified":"2020-07-19T09:55:58","modified_gmt":"2020-07-19T09:55:58","slug":"toz-klor","status":"publish","type":"product","link":"https:\/\/durmazhavuz.com\/index.php\/urun\/toz-klor\/","title":{"rendered":"TOZ KLOR"},"content":{"rendered":"<p>&nbsp;<\/p>\n<h4><span id=\"ctl00_ContentPlaceHolder1_laciklama\">Kullan\u0131m Amac\u0131 : Havuz suyu dezenfeksiyonu i\u00e7in \u00e7abuk \u00e7\u00f6z\u00fcnen stabil klor. Kullan\u0131m Talimat\u0131 : Dozaj; g\u00fcnl\u00fck kullan\u0131m i\u00e7in 1-2 gr \/m3, \u015fok uygulamada 10 gr\/m3. % 5-10 luk haz\u0131rlanan sol\u00fcsyon direkt havuza veya skimmere verilir. Dozaj pompas\u0131 kullan\u0131ld\u0131\u011f\u0131 zaman % 5-10 sol\u00fcsyon tavsiye edilir. Ambalaj \u015eekli : 10 kg Plastik Kova<\/span><\/h4>\n","protected":false},"excerpt":{"rendered":"<p>&nbsp; Kullan\u0131m Amac\u0131 : Havuz suyu dezenfeksiyonu i\u00e7in \u00e7abuk \u00e7\u00f6z\u00fcnen stabil klor. Kullan\u0131m Talimat\u0131 : Dozaj; g\u00fcnl\u00fck kullan\u0131m i\u00e7in 1-2 gr \/m3, \u015fok uygulamada 10 gr\/m3. % 5-10 luk haz\u0131rlanan sol\u00fcsyon direkt havuza veya skimmere verilir. Dozaj pompas\u0131 kullan\u0131ld\u0131\u011f\u0131 zaman % 5-10 sol\u00fcsyon tavsiye edilir. Ambalaj \u015eekli : 10 kg Plastik Kova<\/p>\n","protected":false},"featured_media":329,"comment_status":"open","ping_status":"closed","template":"","meta":[],"product_cat":[37],"product_tag":[],"_links":{"self":[{"href":"https:\/\/durmazhavuz.com\/index.php\/wp-json\/wp\/v2\/product\/328"}],"collection":[{"href":"https:\/\/durmazhavuz.com\/index.php\/wp-json\/wp\/v2\/product"}],"about":[{"href":"https:\/\/durmazhavuz.com\/index.php\/wp-json\/wp\/v2\/types\/product"}],"replies":[{"embeddable":true,"href":"https:\/\/durmazhavuz.com\/index.php\/wp-json\/wp\/v2\/comments?post=328"}],"wp:featuredmedia":[{"embeddable":true,"href":"https:\/\/durmazhavuz.com\/index.php\/wp-json\/wp\/v2\/media\/329"}],"wp:attachment":[{"href":"https:\/\/durmazhavuz.com\/index.php\/wp-json\/wp\/v2\/media?parent=328"}],"wp:term":[{"taxonomy":"product_cat","embeddable":true,"href":"https:\/\/durmazhavuz.com\/index.php\/wp-json\/wp\/v2\/product_cat?post=328"},{"taxonomy":"product_tag","embeddable":true,"href":"https:\/\/durmazhavuz.com\/index.php\/wp-json\/wp\/v2\/product_tag?post=328"}],"curies":[{"name":"wp","href":"https:\/\/api.w.org\/{rel}","templated":true}]}}