{"id":331,"date":"2020-07-19T09:57:01","date_gmt":"2020-07-19T09:57:01","guid":{"rendered":"https:\/\/durmazhavuz.com\/?post_type=product&#038;p=331"},"modified":"2020-07-19T09:57:01","modified_gmt":"2020-07-19T09:57:01","slug":"tablet-klor","status":"publish","type":"product","link":"https:\/\/durmazhavuz.com\/index.php\/urun\/tablet-klor\/","title":{"rendered":"TABLET KLOR"},"content":{"rendered":"<h4><span id=\"ctl00_ContentPlaceHolder1_laciklama\">Kullan\u0131m Amac\u0131 Havuz suyu dezenfeksiyonu i\u00e7in stabil 200 graml\u0131k tablet klor. Kullan\u0131m Talimat\u0131 Dozaj; haftal\u0131k kullan\u0131m i\u00e7in 4 adet\/100 m3. \u00dcr\u00fcn tabletleri direkt skimmerlere veya klorinat\u00f6rlere konulur. Tabletleri do\u011frudan havuz taban\u0131na atmay\u0131n\u0131z. Ambalaj \u015eekli 50 kg<\/span><\/h4>\n","protected":false},"excerpt":{"rendered":"<p>Kullan\u0131m Amac\u0131 Havuz suyu dezenfeksiyonu i\u00e7in stabil 200 graml\u0131k tablet klor. Kullan\u0131m Talimat\u0131 Dozaj; haftal\u0131k kullan\u0131m i\u00e7in 4 adet\/100 m3. \u00dcr\u00fcn tabletleri direkt skimmerlere veya klorinat\u00f6rlere konulur. Tabletleri do\u011frudan havuz taban\u0131na atmay\u0131n\u0131z. Ambalaj \u015eekli 50 kg<\/p>\n","protected":false},"featured_media":332,"comment_status":"open","ping_status":"closed","template":"","meta":[],"product_cat":[37],"product_tag":[],"_links":{"self":[{"href":"https:\/\/durmazhavuz.com\/index.php\/wp-json\/wp\/v2\/product\/331"}],"collection":[{"href":"https:\/\/durmazhavuz.com\/index.php\/wp-json\/wp\/v2\/product"}],"about":[{"href":"https:\/\/durmazhavuz.com\/index.php\/wp-json\/wp\/v2\/types\/product"}],"replies":[{"embeddable":true,"href":"https:\/\/durmazhavuz.com\/index.php\/wp-json\/wp\/v2\/comments?post=331"}],"wp:featuredmedia":[{"embeddable":true,"href":"https:\/\/durmazhavuz.com\/index.php\/wp-json\/wp\/v2\/media\/332"}],"wp:attachment":[{"href":"https:\/\/durmazhavuz.com\/index.php\/wp-json\/wp\/v2\/media?parent=331"}],"wp:term":[{"taxonomy":"product_cat","embeddable":true,"href":"https:\/\/durmazhavuz.com\/index.php\/wp-json\/wp\/v2\/product_cat?post=331"},{"taxonomy":"product_tag","embeddable":true,"href":"https:\/\/durmazhavuz.com\/index.php\/wp-json\/wp\/v2\/product_tag?post=331"}],"curies":[{"name":"wp","href":"https:\/\/api.w.org\/{rel}","templated":true}]}}