{"id":333,"date":"2020-07-19T09:58:53","date_gmt":"2020-07-19T09:58:53","guid":{"rendered":"https:\/\/durmazhavuz.com\/?post_type=product&#038;p=333"},"modified":"2020-07-19T12:33:06","modified_gmt":"2020-07-19T12:33:06","slug":"yosun-onleyici","status":"publish","type":"product","link":"https:\/\/durmazhavuz.com\/index.php\/urun\/yosun-onleyici\/","title":{"rendered":"YOSUN \u00d6NLEY\u0130C\u0130"},"content":{"rendered":"<h4><span id=\"ctl00_ContentPlaceHolder1_laciklama\">Kullan\u0131m Amac\u0131<\/span><\/h4>\n<h4><span id=\"ctl00_ContentPlaceHolder1_laciklama\"> **** Yosunla\u015fmay\u0131 \u00f6nler ve \u00f6nceden olu\u015fmu\u015f yosunlar\u0131 \u00f6ld\u00fcr\u00fcr. <\/span><\/h4>\n<h4><span id=\"ctl00_ContentPlaceHolder1_laciklama\">Kullan\u0131m Talimat\u0131<\/span><\/h4>\n<h4><span id=\"ctl00_ContentPlaceHolder1_laciklama\">**** Dozaj; haftal\u0131k kullan\u0131m i\u00e7in 50 gr\/10 m3, \u015fok uygulamada 200 gr\/10m3 kullan\u0131l\u0131r. \u0130lave edilen miktar havuza giren ki\u015fi say\u0131s\u0131na ve hava ko\u015fullar\u0131na g\u00f6re de\u011fi\u015febilir. <\/span><\/h4>\n<h4><span id=\"ctl00_ContentPlaceHolder1_laciklama\">\u00d6nceden olu\u015fmu\u015f yosunlar\u0131 \u00f6nlemek i\u00e7in \u015fok uygulama yap\u0131lmal\u0131d\u0131r.<\/span><\/h4>\n","protected":false},"excerpt":{"rendered":"<p>Kullan\u0131m Amac\u0131 **** Yosunla\u015fmay\u0131 \u00f6nler ve \u00f6nceden olu\u015fmu\u015f yosunlar\u0131 \u00f6ld\u00fcr\u00fcr. Kullan\u0131m Talimat\u0131 **** Dozaj; haftal\u0131k kullan\u0131m i\u00e7in 50 gr\/10 m3, \u015fok uygulamada 200 gr\/10m3 kullan\u0131l\u0131r. \u0130lave edilen miktar havuza giren ki\u015fi say\u0131s\u0131na ve hava ko\u015fullar\u0131na g\u00f6re de\u011fi\u015febilir. \u00d6nceden olu\u015fmu\u015f yosunlar\u0131 \u00f6nlemek i\u00e7in \u015fok uygulama yap\u0131lmal\u0131d\u0131r.<\/p>\n","protected":false},"featured_media":327,"comment_status":"open","ping_status":"closed","template":"","meta":[],"product_cat":[37],"product_tag":[],"_links":{"self":[{"href":"https:\/\/durmazhavuz.com\/index.php\/wp-json\/wp\/v2\/product\/333"}],"collection":[{"href":"https:\/\/durmazhavuz.com\/index.php\/wp-json\/wp\/v2\/product"}],"about":[{"href":"https:\/\/durmazhavuz.com\/index.php\/wp-json\/wp\/v2\/types\/product"}],"replies":[{"embeddable":true,"href":"https:\/\/durmazhavuz.com\/index.php\/wp-json\/wp\/v2\/comments?post=333"}],"wp:featuredmedia":[{"embeddable":true,"href":"https:\/\/durmazhavuz.com\/index.php\/wp-json\/wp\/v2\/media\/327"}],"wp:attachment":[{"href":"https:\/\/durmazhavuz.com\/index.php\/wp-json\/wp\/v2\/media?parent=333"}],"wp:term":[{"taxonomy":"product_cat","embeddable":true,"href":"https:\/\/durmazhavuz.com\/index.php\/wp-json\/wp\/v2\/product_cat?post=333"},{"taxonomy":"product_tag","embeddable":true,"href":"https:\/\/durmazhavuz.com\/index.php\/wp-json\/wp\/v2\/product_tag?post=333"}],"curies":[{"name":"wp","href":"https:\/\/api.w.org\/{rel}","templated":true}]}}