{"id":337,"date":"2020-07-19T10:01:30","date_gmt":"2020-07-19T10:01:30","guid":{"rendered":"https:\/\/durmazhavuz.com\/?post_type=product&#038;p=337"},"modified":"2020-07-19T10:01:31","modified_gmt":"2020-07-19T10:01:31","slug":"cls-ds-dozaj-pompasi","status":"publish","type":"product","link":"https:\/\/durmazhavuz.com\/index.php\/urun\/cls-ds-dozaj-pompasi\/","title":{"rendered":"CLS DS DOZAJ POMPASI"},"content":{"rendered":"<h4><span id=\"ctl00_ContentPlaceHolder1_laciklama\">KLAS\u0130K SER\u0130 DOZAJ POMPALARI &#8211; SIVI SEV\u0130YE KONTROLL\u00dc D\u0130J\u0130TAL DOZAJ POMPASI MODEL : CLS- DS 10L\/10B 10 Lt.\/ 10 Bar Dijital S\u0131v\u0131 Seviye Kontroll\u00fc Dozaj Pompas\u0131 CLS- DS 20L\/5B 20 Lt.\/ 5 Bar Dijital S\u0131v\u0131 Seviye Kontroll\u00fc Dozaj Pompas\u0131 \u00d6zellikler : Dozaj pompalar\u0131, asit, klor, s\u0131v\u0131 g\u00fcbre, vb. kimyasallar\u0131n dozlanarak verilmesi gereken (havuz, i\u00e7me suyu, zirai sulama vb.) yerlerde kullan\u0131lmak \u00fczere tasarlanm\u0131\u015f hassas dozlama cihazlar\u0131d\u0131r. &#8211; Mikro kontrol\u00f6r teknolojisi ile hassas dozajlama, zaman ayarlama ve kullan\u0131c\u0131 \u015fifresi parametreleri &#8211; S\u0131v\u0131 seviye kontrol\u00fc &#8211; Dikey monte edilen tasar\u0131m\u0131 sayesinde kolay ve esnek kurulum, kullan\u0131m &#8211; A\u015f\u0131nd\u0131r\u0131c\u0131 kimyasallara kar\u015f\u0131 y\u00fcksek dayan\u0131kl\u0131l\u0131k sa\u011flayan tamam\u0131 plastik g\u00f6vde &#8211; Elektronik devre ile kontrol edilen elektrom\u0131knat\u0131s ve uzun \u00f6m\u00fcrl\u00fc teflon (PTFE) diyafram &#8211; Seramik bilyeli tasar\u0131m\u0131 sayesinde daha az bak\u0131m &#8211; Basma ve emme aksesuarlar\u0131 ile birlikte &#8211; \u00dcr\u00fcn paketine s\u0131v\u0131 seviye sens\u00f6r\u00fcde dahildir.<\/span><\/h4>\n","protected":false},"excerpt":{"rendered":"<p>KLAS\u0130K SER\u0130 DOZAJ POMPALARI &#8211; SIVI SEV\u0130YE KONTROLL\u00dc D\u0130J\u0130TAL DOZAJ POMPASI MODEL : CLS- DS 10L\/10B 10 Lt.\/ 10 Bar Dijital S\u0131v\u0131 Seviye Kontroll\u00fc Dozaj Pompas\u0131 CLS- DS 20L\/5B 20 Lt.\/ 5 Bar Dijital S\u0131v\u0131 Seviye Kontroll\u00fc Dozaj Pompas\u0131 \u00d6zellikler : Dozaj pompalar\u0131, asit, klor, s\u0131v\u0131 g\u00fcbre, vb. kimyasallar\u0131n dozlanarak verilmesi gereken (havuz, i\u00e7me suyu, zirai sulama vb.) yerlerde kullan\u0131lmak \u00fczere tasarlanm\u0131\u015f hassas dozlama cihazlar\u0131d\u0131r. &#8211; Mikro kontrol\u00f6r teknolojisi ile hassas dozajlama, zaman ayarlama ve kullan\u0131c\u0131 \u015fifresi parametreleri &#8211; S\u0131v\u0131 seviye kontrol\u00fc &#8211; Dikey monte edilen tasar\u0131m\u0131 sayesinde kolay ve&hellip;<\/p>\n","protected":false},"featured_media":336,"comment_status":"open","ping_status":"closed","template":"","meta":[],"product_cat":[38],"product_tag":[],"_links":{"self":[{"href":"https:\/\/durmazhavuz.com\/index.php\/wp-json\/wp\/v2\/product\/337"}],"collection":[{"href":"https:\/\/durmazhavuz.com\/index.php\/wp-json\/wp\/v2\/product"}],"about":[{"href":"https:\/\/durmazhavuz.com\/index.php\/wp-json\/wp\/v2\/types\/product"}],"replies":[{"embeddable":true,"href":"https:\/\/durmazhavuz.com\/index.php\/wp-json\/wp\/v2\/comments?post=337"}],"wp:featuredmedia":[{"embeddable":true,"href":"https:\/\/durmazhavuz.com\/index.php\/wp-json\/wp\/v2\/media\/336"}],"wp:attachment":[{"href":"https:\/\/durmazhavuz.com\/index.php\/wp-json\/wp\/v2\/media?parent=337"}],"wp:term":[{"taxonomy":"product_cat","embeddable":true,"href":"https:\/\/durmazhavuz.com\/index.php\/wp-json\/wp\/v2\/product_cat?post=337"},{"taxonomy":"product_tag","embeddable":true,"href":"https:\/\/durmazhavuz.com\/index.php\/wp-json\/wp\/v2\/product_tag?post=337"}],"curies":[{"name":"wp","href":"https:\/\/api.w.org\/{rel}","templated":true}]}}