{"id":340,"date":"2020-07-19T10:05:18","date_gmt":"2020-07-19T10:05:18","guid":{"rendered":"https:\/\/durmazhavuz.com\/?post_type=product&#038;p=340"},"modified":"2020-07-19T10:05:18","modified_gmt":"2020-07-19T10:05:18","slug":"lara-dms","status":"publish","type":"product","link":"https:\/\/durmazhavuz.com\/index.php\/urun\/lara-dms\/","title":{"rendered":"LARA DMS"},"content":{"rendered":"<h4><span id=\"ctl00_ContentPlaceHolder1_laciklama\">LARA SER\u0130S\u0130 DOZAJ POMPALARI &#8211; D\u0130J\u0130TAL SIVI SEV\u0130YE KONTROL\u00dc &amp; VOL\u00dcMETR\u0130K DOZAJ POMPASI MODEL : LARA-DMS 2L\/10B 2 Lt.\/ 10 Bar Dijital S\u0131v\u0131 Seviye Kontroll\u00fc &amp; Volumetrik Dozaj Pompas\u0131 LARA-DMS 5L\/7B 5 Lt.\/ 7 BarAnalog Dozaj Pompas\u0131 LARA-DMS 2L\/20B 2 Lt.\/ 20 BarAnalog Dozaj Pompas\u0131 LARA-DMS 10L\/5B 10 Lt.\/ 5 BarAnalog Dozaj Pompas\u0131<\/span><\/h4>\n","protected":false},"excerpt":{"rendered":"<p>LARA SER\u0130S\u0130 DOZAJ POMPALARI &#8211; D\u0130J\u0130TAL SIVI SEV\u0130YE KONTROL\u00dc &amp; VOL\u00dcMETR\u0130K DOZAJ POMPASI MODEL : LARA-DMS 2L\/10B 2 Lt.\/ 10 Bar Dijital S\u0131v\u0131 Seviye Kontroll\u00fc &amp; Volumetrik Dozaj Pompas\u0131 LARA-DMS 5L\/7B 5 Lt.\/ 7 BarAnalog Dozaj Pompas\u0131 LARA-DMS 2L\/20B 2 Lt.\/ 20 BarAnalog Dozaj Pompas\u0131 LARA-DMS 10L\/5B 10 Lt.\/ 5 BarAnalog Dozaj Pompas\u0131<\/p>\n","protected":false},"featured_media":341,"comment_status":"open","ping_status":"closed","template":"","meta":[],"product_cat":[38],"product_tag":[],"_links":{"self":[{"href":"https:\/\/durmazhavuz.com\/index.php\/wp-json\/wp\/v2\/product\/340"}],"collection":[{"href":"https:\/\/durmazhavuz.com\/index.php\/wp-json\/wp\/v2\/product"}],"about":[{"href":"https:\/\/durmazhavuz.com\/index.php\/wp-json\/wp\/v2\/types\/product"}],"replies":[{"embeddable":true,"href":"https:\/\/durmazhavuz.com\/index.php\/wp-json\/wp\/v2\/comments?post=340"}],"wp:featuredmedia":[{"embeddable":true,"href":"https:\/\/durmazhavuz.com\/index.php\/wp-json\/wp\/v2\/media\/341"}],"wp:attachment":[{"href":"https:\/\/durmazhavuz.com\/index.php\/wp-json\/wp\/v2\/media?parent=340"}],"wp:term":[{"taxonomy":"product_cat","embeddable":true,"href":"https:\/\/durmazhavuz.com\/index.php\/wp-json\/wp\/v2\/product_cat?post=340"},{"taxonomy":"product_tag","embeddable":true,"href":"https:\/\/durmazhavuz.com\/index.php\/wp-json\/wp\/v2\/product_tag?post=340"}],"curies":[{"name":"wp","href":"https:\/\/api.w.org\/{rel}","templated":true}]}}