{"id":342,"date":"2020-07-19T10:06:21","date_gmt":"2020-07-19T10:06:21","guid":{"rendered":"https:\/\/durmazhavuz.com\/?post_type=product&#038;p=342"},"modified":"2020-07-19T10:06:21","modified_gmt":"2020-07-19T10:06:21","slug":"lara-pr","status":"publish","type":"product","link":"https:\/\/durmazhavuz.com\/index.php\/urun\/lara-pr\/","title":{"rendered":"LARA PR"},"content":{"rendered":"<h4><span id=\"ctl00_ContentPlaceHolder1_laciklama\">LARA SER\u0130S\u0130 DOZAJ POMPALARI &#8211; PH\/ORP &amp; SIVI SEV\u0130YE KONTROLL\u00dc DOZAJ POMPASI VE TAKIMLAR MODEL : LARA-PR ORP\/PH &amp; 5L\/5B Dijital S\u0131v\u0131 Seviye Kontroll\u00fc Dozaj Pompas\u0131 LARA-PR R01 PR + Orp Elektrodu 6 mt(ANT). + Dald\u0131rma Tip Prob Tutucu LARA-PR R02 PR + Orp Elektrodu 6 mt(ANT). + Tekli&amp;Filtreli Elektrot Haznesi LARA-PR R03 PR +Orp Elektrodu 6 mt.(ANT)+Elektrot Sabitleme Rekoru LARA-PR P01 PR +Orp Elektrodu 6 mt.(ANT)+Elektrot Sabitleme Rekoru LARA-PR P02 PR +Orp Elektrodu 6 mt.(ANT)+Elektrot Sabitleme Rekoru LARA-PR P03 PR +Orp Elektrodu 6 mt.(ANT)+Elektrot Sabitleme Rekoru<\/span><\/h4>\n","protected":false},"excerpt":{"rendered":"<p>LARA SER\u0130S\u0130 DOZAJ POMPALARI &#8211; PH\/ORP &amp; SIVI SEV\u0130YE KONTROLL\u00dc DOZAJ POMPASI VE TAKIMLAR MODEL : LARA-PR ORP\/PH &amp; 5L\/5B Dijital S\u0131v\u0131 Seviye Kontroll\u00fc Dozaj Pompas\u0131 LARA-PR R01 PR + Orp Elektrodu 6 mt(ANT). + Dald\u0131rma Tip Prob Tutucu LARA-PR R02 PR + Orp Elektrodu 6 mt(ANT). + Tekli&amp;Filtreli Elektrot Haznesi LARA-PR R03 PR +Orp Elektrodu 6 mt.(ANT)+Elektrot Sabitleme Rekoru LARA-PR P01 PR +Orp Elektrodu 6 mt.(ANT)+Elektrot Sabitleme Rekoru LARA-PR P02 PR +Orp Elektrodu 6 mt.(ANT)+Elektrot Sabitleme Rekoru LARA-PR P03 PR +Orp Elektrodu 6 mt.(ANT)+Elektrot Sabitleme Rekoru<\/p>\n","protected":false},"featured_media":341,"comment_status":"open","ping_status":"closed","template":"","meta":[],"product_cat":[38],"product_tag":[],"_links":{"self":[{"href":"https:\/\/durmazhavuz.com\/index.php\/wp-json\/wp\/v2\/product\/342"}],"collection":[{"href":"https:\/\/durmazhavuz.com\/index.php\/wp-json\/wp\/v2\/product"}],"about":[{"href":"https:\/\/durmazhavuz.com\/index.php\/wp-json\/wp\/v2\/types\/product"}],"replies":[{"embeddable":true,"href":"https:\/\/durmazhavuz.com\/index.php\/wp-json\/wp\/v2\/comments?post=342"}],"wp:featuredmedia":[{"embeddable":true,"href":"https:\/\/durmazhavuz.com\/index.php\/wp-json\/wp\/v2\/media\/341"}],"wp:attachment":[{"href":"https:\/\/durmazhavuz.com\/index.php\/wp-json\/wp\/v2\/media?parent=342"}],"wp:term":[{"taxonomy":"product_cat","embeddable":true,"href":"https:\/\/durmazhavuz.com\/index.php\/wp-json\/wp\/v2\/product_cat?post=342"},{"taxonomy":"product_tag","embeddable":true,"href":"https:\/\/durmazhavuz.com\/index.php\/wp-json\/wp\/v2\/product_tag?post=342"}],"curies":[{"name":"wp","href":"https:\/\/api.w.org\/{rel}","templated":true}]}}