{"id":347,"date":"2020-07-19T10:09:42","date_gmt":"2020-07-19T10:09:42","guid":{"rendered":"https:\/\/durmazhavuz.com\/?post_type=product&#038;p=347"},"modified":"2020-07-19T10:09:42","modified_gmt":"2020-07-19T10:09:42","slug":"lara-pvdf","status":"publish","type":"product","link":"https:\/\/durmazhavuz.com\/index.php\/urun\/lara-pvdf\/","title":{"rendered":"LARA PVDF"},"content":{"rendered":"<h4><span id=\"ctl00_ContentPlaceHolder1_laciklama\">MODEL : A 5L\/ 7B PVDF 5 Lt.\/ Bar PVDF Analog Dozaj Pompas\u0131 APS 5L\/ 7B PVDF 5Lt.\/ 7 Bar Seviye Kontroll\u00fc &amp; 1\/10 Ayarl\u0131 Analog PVDF DS 5L\/ 7B PVDF 5Lt. \/ 7 Bar Dijital S\u0131v\u0131 Seviye Kontroll\u00fc PVDF DMS 5L\/7B PVDF 5Lt.\/ 7 Bar Dijital S\u0131v\u0131 Seviye Kontroll\u00fc &amp; Volumetrik PVDF PR PVDF ORP\/PH &amp; 5L\/ 5B PVDF Dij. S\u0131v\u0131 Seviye Kontroll\u00fc<\/span><\/h4>\n","protected":false},"excerpt":{"rendered":"<p>MODEL : A 5L\/ 7B PVDF 5 Lt.\/ Bar PVDF Analog Dozaj Pompas\u0131 APS 5L\/ 7B PVDF 5Lt.\/ 7 Bar Seviye Kontroll\u00fc &amp; 1\/10 Ayarl\u0131 Analog PVDF DS 5L\/ 7B PVDF 5Lt. \/ 7 Bar Dijital S\u0131v\u0131 Seviye Kontroll\u00fc PVDF DMS 5L\/7B PVDF 5Lt.\/ 7 Bar Dijital S\u0131v\u0131 Seviye Kontroll\u00fc &amp; Volumetrik PVDF PR PVDF ORP\/PH &amp; 5L\/ 5B PVDF Dij. S\u0131v\u0131 Seviye Kontroll\u00fc<\/p>\n","protected":false},"featured_media":348,"comment_status":"open","ping_status":"closed","template":"","meta":[],"product_cat":[38],"product_tag":[],"_links":{"self":[{"href":"https:\/\/durmazhavuz.com\/index.php\/wp-json\/wp\/v2\/product\/347"}],"collection":[{"href":"https:\/\/durmazhavuz.com\/index.php\/wp-json\/wp\/v2\/product"}],"about":[{"href":"https:\/\/durmazhavuz.com\/index.php\/wp-json\/wp\/v2\/types\/product"}],"replies":[{"embeddable":true,"href":"https:\/\/durmazhavuz.com\/index.php\/wp-json\/wp\/v2\/comments?post=347"}],"wp:featuredmedia":[{"embeddable":true,"href":"https:\/\/durmazhavuz.com\/index.php\/wp-json\/wp\/v2\/media\/348"}],"wp:attachment":[{"href":"https:\/\/durmazhavuz.com\/index.php\/wp-json\/wp\/v2\/media?parent=347"}],"wp:term":[{"taxonomy":"product_cat","embeddable":true,"href":"https:\/\/durmazhavuz.com\/index.php\/wp-json\/wp\/v2\/product_cat?post=347"},{"taxonomy":"product_tag","embeddable":true,"href":"https:\/\/durmazhavuz.com\/index.php\/wp-json\/wp\/v2\/product_tag?post=347"}],"curies":[{"name":"wp","href":"https:\/\/api.w.org\/{rel}","templated":true}]}}