{"id":351,"date":"2020-07-19T10:12:24","date_gmt":"2020-07-19T10:12:24","guid":{"rendered":"https:\/\/durmazhavuz.com\/?post_type=product&#038;p=351"},"modified":"2020-07-19T10:12:25","modified_gmt":"2020-07-19T10:12:25","slug":"lara-ds","status":"publish","type":"product","link":"https:\/\/durmazhavuz.com\/index.php\/urun\/lara-ds\/","title":{"rendered":"LARA DS"},"content":{"rendered":"<h4><span id=\"ctl00_ContentPlaceHolder1_laciklama\">LARA SER\u0130S\u0130 DOZAJ POMPASI &#8211; D\u0130J\u0130TAL SIVI SEV\u0130YE KONTROLL\u00dc DOZAJ POMPASI MODEL : LARA-DS 2L\/10B 2 Lt.\/ 10 Bar Digital S\u0131v\u0131 Seviye Kontroll\u00fc Dozaj Pompas\u0131 LARA-DS 5L\/7B 5 Lt.\/ 7 Bar Digital S\u0131v\u0131 Seviye Kontroll\u00fc Dozaj Pompas\u0131 LARA-DS 2L\/20B 2 Lt.\/ 20 Bar Digital S\u0131v\u0131 Seviye Kontroll\u00fc Dozaj Pompas\u0131 LARA-DS 10L\/5B 10 Lt.\/ 5 Bar Digital S\u0131v\u0131 Seviye Kontroll\u00fc Dozaj Pompas\u0131<\/span><\/h4>\n","protected":false},"excerpt":{"rendered":"<p>LARA SER\u0130S\u0130 DOZAJ POMPASI &#8211; D\u0130J\u0130TAL SIVI SEV\u0130YE KONTROLL\u00dc DOZAJ POMPASI MODEL : LARA-DS 2L\/10B 2 Lt.\/ 10 Bar Digital S\u0131v\u0131 Seviye Kontroll\u00fc Dozaj Pompas\u0131 LARA-DS 5L\/7B 5 Lt.\/ 7 Bar Digital S\u0131v\u0131 Seviye Kontroll\u00fc Dozaj Pompas\u0131 LARA-DS 2L\/20B 2 Lt.\/ 20 Bar Digital S\u0131v\u0131 Seviye Kontroll\u00fc Dozaj Pompas\u0131 LARA-DS 10L\/5B 10 Lt.\/ 5 Bar Digital S\u0131v\u0131 Seviye Kontroll\u00fc Dozaj Pompas\u0131<\/p>\n","protected":false},"featured_media":352,"comment_status":"open","ping_status":"closed","template":"","meta":[],"product_cat":[38],"product_tag":[],"_links":{"self":[{"href":"https:\/\/durmazhavuz.com\/index.php\/wp-json\/wp\/v2\/product\/351"}],"collection":[{"href":"https:\/\/durmazhavuz.com\/index.php\/wp-json\/wp\/v2\/product"}],"about":[{"href":"https:\/\/durmazhavuz.com\/index.php\/wp-json\/wp\/v2\/types\/product"}],"replies":[{"embeddable":true,"href":"https:\/\/durmazhavuz.com\/index.php\/wp-json\/wp\/v2\/comments?post=351"}],"wp:featuredmedia":[{"embeddable":true,"href":"https:\/\/durmazhavuz.com\/index.php\/wp-json\/wp\/v2\/media\/352"}],"wp:attachment":[{"href":"https:\/\/durmazhavuz.com\/index.php\/wp-json\/wp\/v2\/media?parent=351"}],"wp:term":[{"taxonomy":"product_cat","embeddable":true,"href":"https:\/\/durmazhavuz.com\/index.php\/wp-json\/wp\/v2\/product_cat?post=351"},{"taxonomy":"product_tag","embeddable":true,"href":"https:\/\/durmazhavuz.com\/index.php\/wp-json\/wp\/v2\/product_tag?post=351"}],"curies":[{"name":"wp","href":"https:\/\/api.w.org\/{rel}","templated":true}]}}