{"id":384,"date":"2020-07-19T20:01:17","date_gmt":"2020-07-19T20:01:17","guid":{"rendered":"https:\/\/durmazhavuz.com\/?post_type=product&#038;p=384"},"modified":"2020-07-19T20:01:18","modified_gmt":"2020-07-19T20:01:18","slug":"porselen-mozaik-25x25","status":"publish","type":"product","link":"https:\/\/durmazhavuz.com\/index.php\/urun\/porselen-mozaik-25x25\/","title":{"rendered":"PORSELEN MOZA\u0130K 2,5&#215;2,5"},"content":{"rendered":"<h4><span id=\"ctl00_ContentPlaceHolder1_laciklama\">\u00dcR\u00dcN RENG\u0130 : MAV\u0130 ARMON\u0130<\/span><\/h4>\n","protected":false},"excerpt":{"rendered":"<p>\u00dcR\u00dcN RENG\u0130 : MAV\u0130 ARMON\u0130<\/p>\n","protected":false},"featured_media":385,"comment_status":"open","ping_status":"closed","template":"","meta":[],"product_cat":[39],"product_tag":[],"_links":{"self":[{"href":"https:\/\/durmazhavuz.com\/index.php\/wp-json\/wp\/v2\/product\/384"}],"collection":[{"href":"https:\/\/durmazhavuz.com\/index.php\/wp-json\/wp\/v2\/product"}],"about":[{"href":"https:\/\/durmazhavuz.com\/index.php\/wp-json\/wp\/v2\/types\/product"}],"replies":[{"embeddable":true,"href":"https:\/\/durmazhavuz.com\/index.php\/wp-json\/wp\/v2\/comments?post=384"}],"wp:featuredmedia":[{"embeddable":true,"href":"https:\/\/durmazhavuz.com\/index.php\/wp-json\/wp\/v2\/media\/385"}],"wp:attachment":[{"href":"https:\/\/durmazhavuz.com\/index.php\/wp-json\/wp\/v2\/media?parent=384"}],"wp:term":[{"taxonomy":"product_cat","embeddable":true,"href":"https:\/\/durmazhavuz.com\/index.php\/wp-json\/wp\/v2\/product_cat?post=384"},{"taxonomy":"product_tag","embeddable":true,"href":"https:\/\/durmazhavuz.com\/index.php\/wp-json\/wp\/v2\/product_tag?post=384"}],"curies":[{"name":"wp","href":"https:\/\/api.w.org\/{rel}","templated":true}]}}