{"id":407,"date":"2020-07-19T20:13:00","date_gmt":"2020-07-19T20:13:00","guid":{"rendered":"https:\/\/durmazhavuz.com\/?post_type=product&#038;p=407"},"modified":"2020-07-19T20:13:01","modified_gmt":"2020-07-19T20:13:01","slug":"potikare-setli-tutamak-kobalt","status":"publish","type":"product","link":"https:\/\/durmazhavuz.com\/index.php\/urun\/potikare-setli-tutamak-kobalt\/","title":{"rendered":"P\u00d6T\u0130KARE SETL\u0130 TUTAMAK KOBALT"},"content":{"rendered":"<h2><span id=\"ctl00_ContentPlaceHolder1_urunadi\">P\u00d6T\u0130KARE SETL\u0130 TUTAMAK KOBALT<\/span><\/h2>\n","protected":false},"excerpt":{"rendered":"<p>P\u00d6T\u0130KARE SETL\u0130 TUTAMAK KOBALT<\/p>\n","protected":false},"featured_media":408,"comment_status":"open","ping_status":"closed","template":"","meta":[],"product_cat":[39],"product_tag":[],"_links":{"self":[{"href":"https:\/\/durmazhavuz.com\/index.php\/wp-json\/wp\/v2\/product\/407"}],"collection":[{"href":"https:\/\/durmazhavuz.com\/index.php\/wp-json\/wp\/v2\/product"}],"about":[{"href":"https:\/\/durmazhavuz.com\/index.php\/wp-json\/wp\/v2\/types\/product"}],"replies":[{"embeddable":true,"href":"https:\/\/durmazhavuz.com\/index.php\/wp-json\/wp\/v2\/comments?post=407"}],"wp:featuredmedia":[{"embeddable":true,"href":"https:\/\/durmazhavuz.com\/index.php\/wp-json\/wp\/v2\/media\/408"}],"wp:attachment":[{"href":"https:\/\/durmazhavuz.com\/index.php\/wp-json\/wp\/v2\/media?parent=407"}],"wp:term":[{"taxonomy":"product_cat","embeddable":true,"href":"https:\/\/durmazhavuz.com\/index.php\/wp-json\/wp\/v2\/product_cat?post=407"},{"taxonomy":"product_tag","embeddable":true,"href":"https:\/\/durmazhavuz.com\/index.php\/wp-json\/wp\/v2\/product_tag?post=407"}],"curies":[{"name":"wp","href":"https:\/\/api.w.org\/{rel}","templated":true}]}}