{"id":434,"date":"2020-07-19T20:21:57","date_gmt":"2020-07-19T20:21:57","guid":{"rendered":"https:\/\/durmazhavuz.com\/?post_type=product&#038;p=434"},"modified":"2020-07-19T20:21:57","modified_gmt":"2020-07-19T20:21:57","slug":"pnomatik-switch","status":"publish","type":"product","link":"https:\/\/durmazhavuz.com\/index.php\/urun\/pnomatik-switch\/","title":{"rendered":"PN\u00d6MAT\u0130K SW\u0130TCH"},"content":{"rendered":"<h2><span id=\"ctl00_ContentPlaceHolder1_urunadi\">PN\u00d6MAT\u0130K SW\u0130TCH<\/span><\/h2>\n","protected":false},"excerpt":{"rendered":"<p>PN\u00d6MAT\u0130K SW\u0130TCH<\/p>\n","protected":false},"featured_media":435,"comment_status":"open","ping_status":"closed","template":"","meta":[],"product_cat":[40],"product_tag":[],"_links":{"self":[{"href":"https:\/\/durmazhavuz.com\/index.php\/wp-json\/wp\/v2\/product\/434"}],"collection":[{"href":"https:\/\/durmazhavuz.com\/index.php\/wp-json\/wp\/v2\/product"}],"about":[{"href":"https:\/\/durmazhavuz.com\/index.php\/wp-json\/wp\/v2\/types\/product"}],"replies":[{"embeddable":true,"href":"https:\/\/durmazhavuz.com\/index.php\/wp-json\/wp\/v2\/comments?post=434"}],"wp:featuredmedia":[{"embeddable":true,"href":"https:\/\/durmazhavuz.com\/index.php\/wp-json\/wp\/v2\/media\/435"}],"wp:attachment":[{"href":"https:\/\/durmazhavuz.com\/index.php\/wp-json\/wp\/v2\/media?parent=434"}],"wp:term":[{"taxonomy":"product_cat","embeddable":true,"href":"https:\/\/durmazhavuz.com\/index.php\/wp-json\/wp\/v2\/product_cat?post=434"},{"taxonomy":"product_tag","embeddable":true,"href":"https:\/\/durmazhavuz.com\/index.php\/wp-json\/wp\/v2\/product_tag?post=434"}],"curies":[{"name":"wp","href":"https:\/\/api.w.org\/{rel}","templated":true}]}}