{"id":457,"date":"2020-07-19T20:35:04","date_gmt":"2020-07-19T20:35:04","guid":{"rendered":"https:\/\/durmazhavuz.com\/?post_type=product&#038;p=457"},"modified":"2020-07-19T20:35:05","modified_gmt":"2020-07-19T20:35:05","slug":"kelebek-vana","status":"publish","type":"product","link":"https:\/\/durmazhavuz.com\/index.php\/urun\/kelebek-vana\/","title":{"rendered":"KELEBEK VANA"},"content":{"rendered":"<h4><span id=\"ctl00_ContentPlaceHolder1_laciklama\">Teknik \u00d6zellikler \u00c7E\u015e\u0130TLER: D.90 mm D.110 mm D.125 mm D.140 mm D.160 mm D.200 mm D.225 mm<\/span><\/h4>\n","protected":false},"excerpt":{"rendered":"<p>Teknik \u00d6zellikler \u00c7E\u015e\u0130TLER: D.90 mm D.110 mm D.125 mm D.140 mm D.160 mm D.200 mm D.225 mm<\/p>\n","protected":false},"featured_media":458,"comment_status":"open","ping_status":"closed","template":"","meta":[],"product_cat":[42],"product_tag":[],"_links":{"self":[{"href":"https:\/\/durmazhavuz.com\/index.php\/wp-json\/wp\/v2\/product\/457"}],"collection":[{"href":"https:\/\/durmazhavuz.com\/index.php\/wp-json\/wp\/v2\/product"}],"about":[{"href":"https:\/\/durmazhavuz.com\/index.php\/wp-json\/wp\/v2\/types\/product"}],"replies":[{"embeddable":true,"href":"https:\/\/durmazhavuz.com\/index.php\/wp-json\/wp\/v2\/comments?post=457"}],"wp:featuredmedia":[{"embeddable":true,"href":"https:\/\/durmazhavuz.com\/index.php\/wp-json\/wp\/v2\/media\/458"}],"wp:attachment":[{"href":"https:\/\/durmazhavuz.com\/index.php\/wp-json\/wp\/v2\/media?parent=457"}],"wp:term":[{"taxonomy":"product_cat","embeddable":true,"href":"https:\/\/durmazhavuz.com\/index.php\/wp-json\/wp\/v2\/product_cat?post=457"},{"taxonomy":"product_tag","embeddable":true,"href":"https:\/\/durmazhavuz.com\/index.php\/wp-json\/wp\/v2\/product_tag?post=457"}],"curies":[{"name":"wp","href":"https:\/\/api.w.org\/{rel}","templated":true}]}}