{"id":481,"date":"2020-07-19T20:44:29","date_gmt":"2020-07-19T20:44:29","guid":{"rendered":"https:\/\/durmazhavuz.com\/?post_type=product&#038;p=481"},"modified":"2020-07-19T20:44:29","modified_gmt":"2020-07-19T20:44:29","slug":"havuz-isitici","status":"publish","type":"product","link":"https:\/\/durmazhavuz.com\/index.php\/urun\/havuz-isitici\/","title":{"rendered":"HAVUZ ISITICI"},"content":{"rendered":"<h4><span id=\"ctl00_ContentPlaceHolder1_laciklama\">Havuz suyunun \u0131s\u0131t\u0131lmas\u0131 dizayn edilmi\u015f elektrikli \u0131s\u0131t\u0131c\u0131lard\u0131r. Filtrasyon tesisat\u0131na monte edilmesi \u00e7ok kolayd\u0131r. Giri\u015f ve \u00e7\u0131k\u0131\u015flar\u0131nda PVC kolyeli ba\u011flant\u0131 rekorlar\u0131 vard\u0131r. (D.50 mm) *************** Is\u0131t\u0131c\u0131lar\u0131n g\u00f6vdeleri AISI 316 paslanmaz \u00e7elikten imal edilmi\u015ftir. Is\u0131t\u0131c\u0131 elemanlar\u0131 ise Incoloy 825 malzemeden yap\u0131lm\u0131\u015ft\u0131r. B\u00fct\u00fcn \u0131s\u0131t\u0131c\u0131lar 0-40\u00b0C ayarlanabilen termostat ve cihaz\u0131n susuz \u00e7al\u0131\u015famamas\u0131 i\u00e7in bas\u0131n\u00e7 swi\u00e7i donat\u0131lm\u0131\u015ft\u0131r.<\/span><\/h4>\n","protected":false},"excerpt":{"rendered":"<p>Havuz suyunun \u0131s\u0131t\u0131lmas\u0131 dizayn edilmi\u015f elektrikli \u0131s\u0131t\u0131c\u0131lard\u0131r. Filtrasyon tesisat\u0131na monte edilmesi \u00e7ok kolayd\u0131r. Giri\u015f ve \u00e7\u0131k\u0131\u015flar\u0131nda PVC kolyeli ba\u011flant\u0131 rekorlar\u0131 vard\u0131r. (D.50 mm) *************** Is\u0131t\u0131c\u0131lar\u0131n g\u00f6vdeleri AISI 316 paslanmaz \u00e7elikten imal edilmi\u015ftir. Is\u0131t\u0131c\u0131 elemanlar\u0131 ise Incoloy 825 malzemeden yap\u0131lm\u0131\u015ft\u0131r. B\u00fct\u00fcn \u0131s\u0131t\u0131c\u0131lar 0-40\u00b0C ayarlanabilen termostat ve cihaz\u0131n susuz \u00e7al\u0131\u015famamas\u0131 i\u00e7in bas\u0131n\u00e7 swi\u00e7i donat\u0131lm\u0131\u015ft\u0131r.<\/p>\n","protected":false},"featured_media":482,"comment_status":"open","ping_status":"closed","template":"","meta":[],"product_cat":[43],"product_tag":[],"_links":{"self":[{"href":"https:\/\/durmazhavuz.com\/index.php\/wp-json\/wp\/v2\/product\/481"}],"collection":[{"href":"https:\/\/durmazhavuz.com\/index.php\/wp-json\/wp\/v2\/product"}],"about":[{"href":"https:\/\/durmazhavuz.com\/index.php\/wp-json\/wp\/v2\/types\/product"}],"replies":[{"embeddable":true,"href":"https:\/\/durmazhavuz.com\/index.php\/wp-json\/wp\/v2\/comments?post=481"}],"wp:featuredmedia":[{"embeddable":true,"href":"https:\/\/durmazhavuz.com\/index.php\/wp-json\/wp\/v2\/media\/482"}],"wp:attachment":[{"href":"https:\/\/durmazhavuz.com\/index.php\/wp-json\/wp\/v2\/media?parent=481"}],"wp:term":[{"taxonomy":"product_cat","embeddable":true,"href":"https:\/\/durmazhavuz.com\/index.php\/wp-json\/wp\/v2\/product_cat?post=481"},{"taxonomy":"product_tag","embeddable":true,"href":"https:\/\/durmazhavuz.com\/index.php\/wp-json\/wp\/v2\/product_tag?post=481"}],"curies":[{"name":"wp","href":"https:\/\/api.w.org\/{rel}","templated":true}]}}