{"id":491,"date":"2020-07-19T20:48:24","date_gmt":"2020-07-19T20:48:24","guid":{"rendered":"https:\/\/durmazhavuz.com\/?post_type=product&#038;p=491"},"modified":"2020-07-19T20:48:24","modified_gmt":"2020-07-19T20:48:24","slug":"tuz-klorinatoru-2","status":"publish","type":"product","link":"https:\/\/durmazhavuz.com\/index.php\/urun\/tuz-klorinatoru-2\/","title":{"rendered":"Tuz Klorinat\u00f6r\u00fc"},"content":{"rendered":"<h4><span id=\"ctl00_ContentPlaceHolder1_laciklama\">Tuz Klorinat\u00f6r\u00fc \u0130le Dezenfeksiyon ve Montaj \u015eemas\u0131<\/span><\/h4>\n","protected":false},"excerpt":{"rendered":"<p>Tuz Klorinat\u00f6r\u00fc \u0130le Dezenfeksiyon ve Montaj \u015eemas\u0131<\/p>\n","protected":false},"featured_media":492,"comment_status":"open","ping_status":"closed","template":"","meta":[],"product_cat":[46],"product_tag":[],"_links":{"self":[{"href":"https:\/\/durmazhavuz.com\/index.php\/wp-json\/wp\/v2\/product\/491"}],"collection":[{"href":"https:\/\/durmazhavuz.com\/index.php\/wp-json\/wp\/v2\/product"}],"about":[{"href":"https:\/\/durmazhavuz.com\/index.php\/wp-json\/wp\/v2\/types\/product"}],"replies":[{"embeddable":true,"href":"https:\/\/durmazhavuz.com\/index.php\/wp-json\/wp\/v2\/comments?post=491"}],"wp:featuredmedia":[{"embeddable":true,"href":"https:\/\/durmazhavuz.com\/index.php\/wp-json\/wp\/v2\/media\/492"}],"wp:attachment":[{"href":"https:\/\/durmazhavuz.com\/index.php\/wp-json\/wp\/v2\/media?parent=491"}],"wp:term":[{"taxonomy":"product_cat","embeddable":true,"href":"https:\/\/durmazhavuz.com\/index.php\/wp-json\/wp\/v2\/product_cat?post=491"},{"taxonomy":"product_tag","embeddable":true,"href":"https:\/\/durmazhavuz.com\/index.php\/wp-json\/wp\/v2\/product_tag?post=491"}],"curies":[{"name":"wp","href":"https:\/\/api.w.org\/{rel}","templated":true}]}}