{"id":493,"date":"2020-07-19T20:49:03","date_gmt":"2020-07-19T20:49:03","guid":{"rendered":"https:\/\/durmazhavuz.com\/?post_type=product&#038;p=493"},"modified":"2020-07-19T20:49:03","modified_gmt":"2020-07-19T20:49:03","slug":"tuzlu-sudan-klor-elde-etme-2","status":"publish","type":"product","link":"https:\/\/durmazhavuz.com\/index.php\/urun\/tuzlu-sudan-klor-elde-etme-2\/","title":{"rendered":"TUZLU SUDAN KLOR ELDE ETME"},"content":{"rendered":"<h4><span id=\"ctl00_ContentPlaceHolder1_laciklama\">Havuz suyunu en ekonomik ve en sa\u011fl\u0131kl\u0131 \u015fekilde s\u0131hhile\u015ftirme metodu olan Tuzlu Su Klorinasyon teknolojisi h\u0131zla b\u00fct\u00fcn d\u00fcnyada en \u00e7ok kabul g\u00f6ren s\u0131hhile\u015ftirme metodu olmaktad\u0131r. Yeni havuzlar\u0131n takriben % 95?inde kullan\u0131lan bu metot 38 y\u0131ldan beri d\u00fcnyada kabul edilmi\u015f bir teknolojidir. Unipool, bu teknolojinin lideri olarak kabul edilmektedir ve \u00fcr\u00fcnleri b\u00fct\u00fcn d\u00fcnyaya ihra\u00e7 edilmektedir. Avrupa Birli\u011fi?ne \u00fcye olmu\u015f kom\u015fular\u0131m\u0131zda, havuzlar t\u00fcm d\u00fcnyada oldu\u011fu gibi ?Tuzlu su ile otomatik klorlama sistemi? kullan\u0131lmaya ba\u015flanm\u0131\u015f olup al\u0131nan olumlu neticelerden dolay\u0131 olduk\u00e7a yayg\u0131nla\u015fmaktad\u0131r. Bu durumda Avrupa Birli\u011fi ile m\u00fczakerelere ba\u015flayan T\u00fcrkiye?de de havuzlar\u0131n dezenfeksiyonunun kimyasal madde kullanmaks\u0131z\u0131n ?Tuzlu su ile otomatik klorlama sistemi? ile yap\u0131lmas\u0131 gerekti\u011fi Avrupa Birli\u011fi ile ba\u015flayan m\u00fczakere s\u00fcrecinde hem g\u00fcndeme gelecek hem de zorunlu hale getirilecektir.<\/span><\/h4>\n","protected":false},"excerpt":{"rendered":"<p>Havuz suyunu en ekonomik ve en sa\u011fl\u0131kl\u0131 \u015fekilde s\u0131hhile\u015ftirme metodu olan Tuzlu Su Klorinasyon teknolojisi h\u0131zla b\u00fct\u00fcn d\u00fcnyada en \u00e7ok kabul g\u00f6ren s\u0131hhile\u015ftirme metodu olmaktad\u0131r. Yeni havuzlar\u0131n takriben % 95?inde kullan\u0131lan bu metot 38 y\u0131ldan beri d\u00fcnyada kabul edilmi\u015f bir teknolojidir. Unipool, bu teknolojinin lideri olarak kabul edilmektedir ve \u00fcr\u00fcnleri b\u00fct\u00fcn d\u00fcnyaya ihra\u00e7 edilmektedir. Avrupa Birli\u011fi?ne \u00fcye olmu\u015f kom\u015fular\u0131m\u0131zda, havuzlar t\u00fcm d\u00fcnyada oldu\u011fu gibi ?Tuzlu su ile otomatik klorlama sistemi? kullan\u0131lmaya ba\u015flanm\u0131\u015f olup al\u0131nan olumlu neticelerden dolay\u0131 olduk\u00e7a yayg\u0131nla\u015fmaktad\u0131r. Bu durumda Avrupa Birli\u011fi ile m\u00fczakerelere ba\u015flayan T\u00fcrkiye?de de havuzlar\u0131n dezenfeksiyonunun&hellip;<\/p>\n","protected":false},"featured_media":494,"comment_status":"open","ping_status":"closed","template":"","meta":[],"product_cat":[46],"product_tag":[],"_links":{"self":[{"href":"https:\/\/durmazhavuz.com\/index.php\/wp-json\/wp\/v2\/product\/493"}],"collection":[{"href":"https:\/\/durmazhavuz.com\/index.php\/wp-json\/wp\/v2\/product"}],"about":[{"href":"https:\/\/durmazhavuz.com\/index.php\/wp-json\/wp\/v2\/types\/product"}],"replies":[{"embeddable":true,"href":"https:\/\/durmazhavuz.com\/index.php\/wp-json\/wp\/v2\/comments?post=493"}],"wp:featuredmedia":[{"embeddable":true,"href":"https:\/\/durmazhavuz.com\/index.php\/wp-json\/wp\/v2\/media\/494"}],"wp:attachment":[{"href":"https:\/\/durmazhavuz.com\/index.php\/wp-json\/wp\/v2\/media?parent=493"}],"wp:term":[{"taxonomy":"product_cat","embeddable":true,"href":"https:\/\/durmazhavuz.com\/index.php\/wp-json\/wp\/v2\/product_cat?post=493"},{"taxonomy":"product_tag","embeddable":true,"href":"https:\/\/durmazhavuz.com\/index.php\/wp-json\/wp\/v2\/product_tag?post=493"}],"curies":[{"name":"wp","href":"https:\/\/api.w.org\/{rel}","templated":true}]}}