{"id":513,"date":"2020-07-19T20:56:22","date_gmt":"2020-07-19T20:56:22","guid":{"rendered":"https:\/\/durmazhavuz.com\/?post_type=product&#038;p=513"},"modified":"2020-07-19T20:56:22","modified_gmt":"2020-07-19T20:56:22","slug":"havuzun-isitilma-ve-sogutulmasi","status":"publish","type":"product","link":"https:\/\/durmazhavuz.com\/index.php\/urun\/havuzun-isitilma-ve-sogutulmasi\/","title":{"rendered":"havuzun \u0131s\u0131t\u0131lma ve so\u011futulmas\u0131"},"content":{"rendered":"<h4><span id=\"ctl00_ContentPlaceHolder1_laciklama\">havuzun \u0131s\u0131t\u0131lma ve so\u011futulmas\u0131<\/span><\/h4>\n","protected":false},"excerpt":{"rendered":"<p>havuzun \u0131s\u0131t\u0131lma ve so\u011futulmas\u0131<\/p>\n","protected":false},"featured_media":514,"comment_status":"open","ping_status":"closed","template":"","meta":[],"product_cat":[47],"product_tag":[],"_links":{"self":[{"href":"https:\/\/durmazhavuz.com\/index.php\/wp-json\/wp\/v2\/product\/513"}],"collection":[{"href":"https:\/\/durmazhavuz.com\/index.php\/wp-json\/wp\/v2\/product"}],"about":[{"href":"https:\/\/durmazhavuz.com\/index.php\/wp-json\/wp\/v2\/types\/product"}],"replies":[{"embeddable":true,"href":"https:\/\/durmazhavuz.com\/index.php\/wp-json\/wp\/v2\/comments?post=513"}],"wp:featuredmedia":[{"embeddable":true,"href":"https:\/\/durmazhavuz.com\/index.php\/wp-json\/wp\/v2\/media\/514"}],"wp:attachment":[{"href":"https:\/\/durmazhavuz.com\/index.php\/wp-json\/wp\/v2\/media?parent=513"}],"wp:term":[{"taxonomy":"product_cat","embeddable":true,"href":"https:\/\/durmazhavuz.com\/index.php\/wp-json\/wp\/v2\/product_cat?post=513"},{"taxonomy":"product_tag","embeddable":true,"href":"https:\/\/durmazhavuz.com\/index.php\/wp-json\/wp\/v2\/product_tag?post=513"}],"curies":[{"name":"wp","href":"https:\/\/api.w.org\/{rel}","templated":true}]}}