{"id":521,"date":"2020-07-19T20:59:33","date_gmt":"2020-07-19T20:59:33","guid":{"rendered":"https:\/\/durmazhavuz.com\/?post_type=product&#038;p=521"},"modified":"2021-03-25T06:41:58","modified_gmt":"2021-03-25T06:41:58","slug":"celik-havuz-ici","status":"publish","type":"product","link":"https:\/\/durmazhavuz.com\/index.php\/urun\/celik-havuz-ici\/","title":{"rendered":"\u00c7elik Havuz \u0130\u00e7i"},"content":{"rendered":"<h2><span id=\"ctl00_ContentPlaceHolder1_urunadi\">\u00c7elik Havuz \u0130\u00e7i<\/span><\/h2>\n","protected":false},"excerpt":{"rendered":"<p>\u00c7elik Havuz \u0130\u00e7i<\/p>\n","protected":false},"featured_media":522,"comment_status":"open","ping_status":"closed","template":"","meta":[],"product_cat":[24],"product_tag":[],"_links":{"self":[{"href":"https:\/\/durmazhavuz.com\/index.php\/wp-json\/wp\/v2\/product\/521"}],"collection":[{"href":"https:\/\/durmazhavuz.com\/index.php\/wp-json\/wp\/v2\/product"}],"about":[{"href":"https:\/\/durmazhavuz.com\/index.php\/wp-json\/wp\/v2\/types\/product"}],"replies":[{"embeddable":true,"href":"https:\/\/durmazhavuz.com\/index.php\/wp-json\/wp\/v2\/comments?post=521"}],"wp:featuredmedia":[{"embeddable":true,"href":"https:\/\/durmazhavuz.com\/index.php\/wp-json\/wp\/v2\/media\/522"}],"wp:attachment":[{"href":"https:\/\/durmazhavuz.com\/index.php\/wp-json\/wp\/v2\/media?parent=521"}],"wp:term":[{"taxonomy":"product_cat","embeddable":true,"href":"https:\/\/durmazhavuz.com\/index.php\/wp-json\/wp\/v2\/product_cat?post=521"},{"taxonomy":"product_tag","embeddable":true,"href":"https:\/\/durmazhavuz.com\/index.php\/wp-json\/wp\/v2\/product_tag?post=521"}],"curies":[{"name":"wp","href":"https:\/\/api.w.org\/{rel}","templated":true}]}}