{"id":539,"date":"2020-07-20T20:07:45","date_gmt":"2020-07-20T20:07:45","guid":{"rendered":"https:\/\/durmazhavuz.com\/?post_type=product&#038;p=539"},"modified":"2020-07-20T20:07:45","modified_gmt":"2020-07-20T20:07:45","slug":"gocbeyli-oguz-duman","status":"publish","type":"product","link":"https:\/\/durmazhavuz.com\/index.php\/urun\/gocbeyli-oguz-duman\/","title":{"rendered":"G\u00d6\u00c7BEYL\u0130-O\u011eUZ DUMAN"},"content":{"rendered":"<h3>G\u00d6\u00c7BEYL\u0130-O\u011eUZ DUMAN<\/h3>\n","protected":false},"excerpt":{"rendered":"<p>G\u00d6\u00c7BEYL\u0130-O\u011eUZ DUMAN<\/p>\n","protected":false},"featured_media":540,"comment_status":"open","ping_status":"closed","template":"","meta":[],"product_cat":[48],"product_tag":[],"_links":{"self":[{"href":"https:\/\/durmazhavuz.com\/index.php\/wp-json\/wp\/v2\/product\/539"}],"collection":[{"href":"https:\/\/durmazhavuz.com\/index.php\/wp-json\/wp\/v2\/product"}],"about":[{"href":"https:\/\/durmazhavuz.com\/index.php\/wp-json\/wp\/v2\/types\/product"}],"replies":[{"embeddable":true,"href":"https:\/\/durmazhavuz.com\/index.php\/wp-json\/wp\/v2\/comments?post=539"}],"wp:featuredmedia":[{"embeddable":true,"href":"https:\/\/durmazhavuz.com\/index.php\/wp-json\/wp\/v2\/media\/540"}],"wp:attachment":[{"href":"https:\/\/durmazhavuz.com\/index.php\/wp-json\/wp\/v2\/media?parent=539"}],"wp:term":[{"taxonomy":"product_cat","embeddable":true,"href":"https:\/\/durmazhavuz.com\/index.php\/wp-json\/wp\/v2\/product_cat?post=539"},{"taxonomy":"product_tag","embeddable":true,"href":"https:\/\/durmazhavuz.com\/index.php\/wp-json\/wp\/v2\/product_tag?post=539"}],"curies":[{"name":"wp","href":"https:\/\/api.w.org\/{rel}","templated":true}]}}