{"id":545,"date":"2020-07-20T20:10:28","date_gmt":"2020-07-20T20:10:28","guid":{"rendered":"https:\/\/durmazhavuz.com\/?post_type=product&#038;p=545"},"modified":"2020-07-20T20:13:42","modified_gmt":"2020-07-20T20:13:42","slug":"tasyapi-kumruyuvasi-suadiye","status":"publish","type":"product","link":"https:\/\/durmazhavuz.com\/index.php\/urun\/tasyapi-kumruyuvasi-suadiye\/","title":{"rendered":"TA\u015eYAPI KUMRUYUVASI-SUAD\u0130YE"},"content":{"rendered":"<h3>TA\u015eYAPI KUMRUYUVASI-SUAD\u0130YE<\/h3>\n","protected":false},"excerpt":{"rendered":"<p>TA\u015eYAPI KUMRUYUVASI-SUAD\u0130YE<\/p>\n","protected":false},"featured_media":549,"comment_status":"open","ping_status":"closed","template":"","meta":[],"product_cat":[48],"product_tag":[],"_links":{"self":[{"href":"https:\/\/durmazhavuz.com\/index.php\/wp-json\/wp\/v2\/product\/545"}],"collection":[{"href":"https:\/\/durmazhavuz.com\/index.php\/wp-json\/wp\/v2\/product"}],"about":[{"href":"https:\/\/durmazhavuz.com\/index.php\/wp-json\/wp\/v2\/types\/product"}],"replies":[{"embeddable":true,"href":"https:\/\/durmazhavuz.com\/index.php\/wp-json\/wp\/v2\/comments?post=545"}],"wp:featuredmedia":[{"embeddable":true,"href":"https:\/\/durmazhavuz.com\/index.php\/wp-json\/wp\/v2\/media\/549"}],"wp:attachment":[{"href":"https:\/\/durmazhavuz.com\/index.php\/wp-json\/wp\/v2\/media?parent=545"}],"wp:term":[{"taxonomy":"product_cat","embeddable":true,"href":"https:\/\/durmazhavuz.com\/index.php\/wp-json\/wp\/v2\/product_cat?post=545"},{"taxonomy":"product_tag","embeddable":true,"href":"https:\/\/durmazhavuz.com\/index.php\/wp-json\/wp\/v2\/product_tag?post=545"}],"curies":[{"name":"wp","href":"https:\/\/api.w.org\/{rel}","templated":true}]}}