{"id":552,"date":"2020-07-20T20:15:15","date_gmt":"2020-07-20T20:15:15","guid":{"rendered":"https:\/\/durmazhavuz.com\/?post_type=product&#038;p=552"},"modified":"2020-07-20T20:15:16","modified_gmt":"2020-07-20T20:15:16","slug":"pera-sunset-park-evleri-zekeriyakoy","status":"publish","type":"product","link":"https:\/\/durmazhavuz.com\/index.php\/urun\/pera-sunset-park-evleri-zekeriyakoy\/","title":{"rendered":"PERA SUNSET PARK EVLER\u0130-ZEKER\u0130YAK\u00d6Y"},"content":{"rendered":"<h3>PERA SUNSET PARK EVLER\u0130-ZEKER\u0130YAK\u00d6Y<\/h3>\n","protected":false},"excerpt":{"rendered":"<p>PERA SUNSET PARK EVLER\u0130-ZEKER\u0130YAK\u00d6Y<\/p>\n","protected":false},"featured_media":553,"comment_status":"open","ping_status":"closed","template":"","meta":[],"product_cat":[48],"product_tag":[],"_links":{"self":[{"href":"https:\/\/durmazhavuz.com\/index.php\/wp-json\/wp\/v2\/product\/552"}],"collection":[{"href":"https:\/\/durmazhavuz.com\/index.php\/wp-json\/wp\/v2\/product"}],"about":[{"href":"https:\/\/durmazhavuz.com\/index.php\/wp-json\/wp\/v2\/types\/product"}],"replies":[{"embeddable":true,"href":"https:\/\/durmazhavuz.com\/index.php\/wp-json\/wp\/v2\/comments?post=552"}],"wp:featuredmedia":[{"embeddable":true,"href":"https:\/\/durmazhavuz.com\/index.php\/wp-json\/wp\/v2\/media\/553"}],"wp:attachment":[{"href":"https:\/\/durmazhavuz.com\/index.php\/wp-json\/wp\/v2\/media?parent=552"}],"wp:term":[{"taxonomy":"product_cat","embeddable":true,"href":"https:\/\/durmazhavuz.com\/index.php\/wp-json\/wp\/v2\/product_cat?post=552"},{"taxonomy":"product_tag","embeddable":true,"href":"https:\/\/durmazhavuz.com\/index.php\/wp-json\/wp\/v2\/product_tag?post=552"}],"curies":[{"name":"wp","href":"https:\/\/api.w.org\/{rel}","templated":true}]}}