{"id":554,"date":"2020-07-20T20:15:57","date_gmt":"2020-07-20T20:15:57","guid":{"rendered":"https:\/\/durmazhavuz.com\/?post_type=product&#038;p=554"},"modified":"2020-07-20T20:15:57","modified_gmt":"2020-07-20T20:15:57","slug":"ormanada-sosyal-tesis-insaati","status":"publish","type":"product","link":"https:\/\/durmazhavuz.com\/index.php\/urun\/ormanada-sosyal-tesis-insaati\/","title":{"rendered":"ORMANADA SOSYAL TES\u0130S \u0130N\u015eAATI"},"content":{"rendered":"<h3>ORMANADA SOSYAL TES\u0130S \u0130N\u015eAATI<\/h3>\n","protected":false},"excerpt":{"rendered":"<p>ORMANADA SOSYAL TES\u0130S \u0130N\u015eAATI<\/p>\n","protected":false},"featured_media":555,"comment_status":"open","ping_status":"closed","template":"","meta":[],"product_cat":[48],"product_tag":[],"_links":{"self":[{"href":"https:\/\/durmazhavuz.com\/index.php\/wp-json\/wp\/v2\/product\/554"}],"collection":[{"href":"https:\/\/durmazhavuz.com\/index.php\/wp-json\/wp\/v2\/product"}],"about":[{"href":"https:\/\/durmazhavuz.com\/index.php\/wp-json\/wp\/v2\/types\/product"}],"replies":[{"embeddable":true,"href":"https:\/\/durmazhavuz.com\/index.php\/wp-json\/wp\/v2\/comments?post=554"}],"wp:featuredmedia":[{"embeddable":true,"href":"https:\/\/durmazhavuz.com\/index.php\/wp-json\/wp\/v2\/media\/555"}],"wp:attachment":[{"href":"https:\/\/durmazhavuz.com\/index.php\/wp-json\/wp\/v2\/media?parent=554"}],"wp:term":[{"taxonomy":"product_cat","embeddable":true,"href":"https:\/\/durmazhavuz.com\/index.php\/wp-json\/wp\/v2\/product_cat?post=554"},{"taxonomy":"product_tag","embeddable":true,"href":"https:\/\/durmazhavuz.com\/index.php\/wp-json\/wp\/v2\/product_tag?post=554"}],"curies":[{"name":"wp","href":"https:\/\/api.w.org\/{rel}","templated":true}]}}