{"id":570,"date":"2020-07-20T20:22:10","date_gmt":"2020-07-20T20:22:10","guid":{"rendered":"https:\/\/durmazhavuz.com\/?post_type=product&#038;p=570"},"modified":"2020-07-20T20:22:10","modified_gmt":"2020-07-20T20:22:10","slug":"golet-sus-havuzu","status":"publish","type":"product","link":"https:\/\/durmazhavuz.com\/index.php\/urun\/golet-sus-havuzu\/","title":{"rendered":"G\u00d6LET S\u00dcS HAVUZU"},"content":{"rendered":"<h3>G\u00d6LET S\u00dcS HAVUZU<\/h3>\n","protected":false},"excerpt":{"rendered":"<p>G\u00d6LET S\u00dcS HAVUZU<\/p>\n","protected":false},"featured_media":571,"comment_status":"open","ping_status":"closed","template":"","meta":[],"product_cat":[48],"product_tag":[],"_links":{"self":[{"href":"https:\/\/durmazhavuz.com\/index.php\/wp-json\/wp\/v2\/product\/570"}],"collection":[{"href":"https:\/\/durmazhavuz.com\/index.php\/wp-json\/wp\/v2\/product"}],"about":[{"href":"https:\/\/durmazhavuz.com\/index.php\/wp-json\/wp\/v2\/types\/product"}],"replies":[{"embeddable":true,"href":"https:\/\/durmazhavuz.com\/index.php\/wp-json\/wp\/v2\/comments?post=570"}],"wp:featuredmedia":[{"embeddable":true,"href":"https:\/\/durmazhavuz.com\/index.php\/wp-json\/wp\/v2\/media\/571"}],"wp:attachment":[{"href":"https:\/\/durmazhavuz.com\/index.php\/wp-json\/wp\/v2\/media?parent=570"}],"wp:term":[{"taxonomy":"product_cat","embeddable":true,"href":"https:\/\/durmazhavuz.com\/index.php\/wp-json\/wp\/v2\/product_cat?post=570"},{"taxonomy":"product_tag","embeddable":true,"href":"https:\/\/durmazhavuz.com\/index.php\/wp-json\/wp\/v2\/product_tag?post=570"}],"curies":[{"name":"wp","href":"https:\/\/api.w.org\/{rel}","templated":true}]}}