{"id":582,"date":"2020-07-20T20:25:52","date_gmt":"2020-07-20T20:25:52","guid":{"rendered":"https:\/\/durmazhavuz.com\/?post_type=product&#038;p=582"},"modified":"2023-09-05T09:01:25","modified_gmt":"2023-09-05T09:01:25","slug":"havuz-yapim-calismalari-1-2","status":"publish","type":"product","link":"https:\/\/durmazhavuz.com\/index.php\/urun\/havuz-yapim-calismalari-1-2\/","title":{"rendered":"Havuz Yap\u0131m \u00c7al\u0131\u015fmalar\u0131-1"},"content":{"rendered":"<h3>Havuz Yap\u0131m \u00c7al\u0131\u015fmalar\u0131-1<\/h3>\n","protected":false},"excerpt":{"rendered":"<h3>Havuz Yap\u0131m \u00c7al\u0131\u015fmalar\u0131na devam<\/h3>\n","protected":false},"featured_media":583,"comment_status":"open","ping_status":"closed","template":"","meta":[],"product_cat":[48],"product_tag":[],"_links":{"self":[{"href":"https:\/\/durmazhavuz.com\/index.php\/wp-json\/wp\/v2\/product\/582"}],"collection":[{"href":"https:\/\/durmazhavuz.com\/index.php\/wp-json\/wp\/v2\/product"}],"about":[{"href":"https:\/\/durmazhavuz.com\/index.php\/wp-json\/wp\/v2\/types\/product"}],"replies":[{"embeddable":true,"href":"https:\/\/durmazhavuz.com\/index.php\/wp-json\/wp\/v2\/comments?post=582"}],"wp:featuredmedia":[{"embeddable":true,"href":"https:\/\/durmazhavuz.com\/index.php\/wp-json\/wp\/v2\/media\/583"}],"wp:attachment":[{"href":"https:\/\/durmazhavuz.com\/index.php\/wp-json\/wp\/v2\/media?parent=582"}],"wp:term":[{"taxonomy":"product_cat","embeddable":true,"href":"https:\/\/durmazhavuz.com\/index.php\/wp-json\/wp\/v2\/product_cat?post=582"},{"taxonomy":"product_tag","embeddable":true,"href":"https:\/\/durmazhavuz.com\/index.php\/wp-json\/wp\/v2\/product_tag?post=582"}],"curies":[{"name":"wp","href":"https:\/\/api.w.org\/{rel}","templated":true}]}}