{"id":8,"date":"2020-07-15T21:29:37","date_gmt":"2020-07-15T21:29:37","guid":{"rendered":"https:\/\/durmazhavuz.com\/?post_type=product&#038;p=8"},"modified":"2020-07-15T21:31:08","modified_gmt":"2020-07-15T21:31:08","slug":"yuzme-havuzu-isiklandirilmasi","status":"publish","type":"product","link":"https:\/\/durmazhavuz.com\/index.php\/urun\/yuzme-havuzu-isiklandirilmasi\/","title":{"rendered":"Y\u00fczme Havuzu I\u015f\u0131kland\u0131r\u0131lmas\u0131"},"content":{"rendered":"<h2><span id=\"ctl00_ContentPlaceHolder1_urunadi\">Y\u00fczme Havuzu I\u015f\u0131kland\u0131r\u0131lmas\u0131<\/span><\/h2>\n","protected":false},"excerpt":{"rendered":"<p>Y\u00fczme Havuzu I\u015f\u0131kland\u0131r\u0131lmas\u0131<\/p>\n","protected":false},"featured_media":10,"comment_status":"open","ping_status":"closed","template":"","meta":[],"product_cat":[15],"product_tag":[],"_links":{"self":[{"href":"https:\/\/durmazhavuz.com\/index.php\/wp-json\/wp\/v2\/product\/8"}],"collection":[{"href":"https:\/\/durmazhavuz.com\/index.php\/wp-json\/wp\/v2\/product"}],"about":[{"href":"https:\/\/durmazhavuz.com\/index.php\/wp-json\/wp\/v2\/types\/product"}],"replies":[{"embeddable":true,"href":"https:\/\/durmazhavuz.com\/index.php\/wp-json\/wp\/v2\/comments?post=8"}],"wp:featuredmedia":[{"embeddable":true,"href":"https:\/\/durmazhavuz.com\/index.php\/wp-json\/wp\/v2\/media\/10"}],"wp:attachment":[{"href":"https:\/\/durmazhavuz.com\/index.php\/wp-json\/wp\/v2\/media?parent=8"}],"wp:term":[{"taxonomy":"product_cat","embeddable":true,"href":"https:\/\/durmazhavuz.com\/index.php\/wp-json\/wp\/v2\/product_cat?post=8"},{"taxonomy":"product_tag","embeddable":true,"href":"https:\/\/durmazhavuz.com\/index.php\/wp-json\/wp\/v2\/product_tag?post=8"}],"curies":[{"name":"wp","href":"https:\/\/api.w.org\/{rel}","templated":true}]}}