{"id":89,"date":"2020-07-16T09:02:59","date_gmt":"2020-07-16T09:02:59","guid":{"rendered":"https:\/\/durmazhavuz.com\/?post_type=product&#038;p=89"},"modified":"2020-07-18T08:19:25","modified_gmt":"2020-07-18T08:19:25","slug":"havuz-bakimi-2","status":"publish","type":"product","link":"https:\/\/durmazhavuz.com\/index.php\/urun\/havuz-bakimi-2\/","title":{"rendered":"Havuz Bak\u0131m\u0131"},"content":{"rendered":"<h4><span id=\"ctl00_ContentPlaceHolder1_laciklama\">Havuz Bak\u0131m\u0131, \u0130stanbul havuz Bak\u0131m\u0131, Havuz bak\u0131m\u0131 fiyatlar\u0131, havuz temizleme \u00fcr\u00fcnleri, havuz \u00fcr\u00fcnleri, Kocaeli Gebze Bayramo\u011flu Antalya havuz bak\u0131m\u0131, havuz ila\u00e7lar\u0131, havuz bak\u0131m\u0131 firmalar\u0131<\/span><\/h4>\n","protected":false},"excerpt":{"rendered":"<p>Havuz Bak\u0131m\u0131, \u0130stanbul havuz Bak\u0131m\u0131, Havuz bak\u0131m\u0131 fiyatlar\u0131, havuz temizleme \u00fcr\u00fcnleri, havuz \u00fcr\u00fcnleri, Kocaeli Gebze Bayramo\u011flu Antalya havuz bak\u0131m\u0131, havuz ila\u00e7lar\u0131, havuz bak\u0131m\u0131 firmalar\u0131<\/p>\n","protected":false},"featured_media":91,"comment_status":"open","ping_status":"closed","template":"","meta":[],"product_cat":[33],"product_tag":[],"_links":{"self":[{"href":"https:\/\/durmazhavuz.com\/index.php\/wp-json\/wp\/v2\/product\/89"}],"collection":[{"href":"https:\/\/durmazhavuz.com\/index.php\/wp-json\/wp\/v2\/product"}],"about":[{"href":"https:\/\/durmazhavuz.com\/index.php\/wp-json\/wp\/v2\/types\/product"}],"replies":[{"embeddable":true,"href":"https:\/\/durmazhavuz.com\/index.php\/wp-json\/wp\/v2\/comments?post=89"}],"wp:featuredmedia":[{"embeddable":true,"href":"https:\/\/durmazhavuz.com\/index.php\/wp-json\/wp\/v2\/media\/91"}],"wp:attachment":[{"href":"https:\/\/durmazhavuz.com\/index.php\/wp-json\/wp\/v2\/media?parent=89"}],"wp:term":[{"taxonomy":"product_cat","embeddable":true,"href":"https:\/\/durmazhavuz.com\/index.php\/wp-json\/wp\/v2\/product_cat?post=89"},{"taxonomy":"product_tag","embeddable":true,"href":"https:\/\/durmazhavuz.com\/index.php\/wp-json\/wp\/v2\/product_tag?post=89"}],"curies":[{"name":"wp","href":"https:\/\/api.w.org\/{rel}","templated":true}]}}