{"id":93,"date":"2020-07-16T09:05:18","date_gmt":"2020-07-16T09:05:18","guid":{"rendered":"https:\/\/durmazhavuz.com\/?post_type=product&#038;p=93"},"modified":"2020-07-18T10:42:43","modified_gmt":"2020-07-18T10:42:43","slug":"havuz-bakimi-nasil-yapilir","status":"publish","type":"product","link":"https:\/\/durmazhavuz.com\/index.php\/urun\/havuz-bakimi-nasil-yapilir\/","title":{"rendered":"Havuz Bak\u0131m\u0131 Nas\u0131l Yap\u0131l\u0131r?"},"content":{"rendered":"<h2><span id=\"ctl00_ContentPlaceHolder1_urunadi\">Havuz Bak\u0131m\u0131 Nas\u0131l Yap\u0131l\u0131r?<\/span><\/h2>\n","protected":false},"excerpt":{"rendered":"<p>Havuz Bak\u0131m\u0131 Nas\u0131l Yap\u0131l\u0131r?<\/p>\n","protected":false},"featured_media":94,"comment_status":"open","ping_status":"closed","template":"","meta":[],"product_cat":[33],"product_tag":[],"_links":{"self":[{"href":"https:\/\/durmazhavuz.com\/index.php\/wp-json\/wp\/v2\/product\/93"}],"collection":[{"href":"https:\/\/durmazhavuz.com\/index.php\/wp-json\/wp\/v2\/product"}],"about":[{"href":"https:\/\/durmazhavuz.com\/index.php\/wp-json\/wp\/v2\/types\/product"}],"replies":[{"embeddable":true,"href":"https:\/\/durmazhavuz.com\/index.php\/wp-json\/wp\/v2\/comments?post=93"}],"wp:featuredmedia":[{"embeddable":true,"href":"https:\/\/durmazhavuz.com\/index.php\/wp-json\/wp\/v2\/media\/94"}],"wp:attachment":[{"href":"https:\/\/durmazhavuz.com\/index.php\/wp-json\/wp\/v2\/media?parent=93"}],"wp:term":[{"taxonomy":"product_cat","embeddable":true,"href":"https:\/\/durmazhavuz.com\/index.php\/wp-json\/wp\/v2\/product_cat?post=93"},{"taxonomy":"product_tag","embeddable":true,"href":"https:\/\/durmazhavuz.com\/index.php\/wp-json\/wp\/v2\/product_tag?post=93"}],"curies":[{"name":"wp","href":"https:\/\/api.w.org\/{rel}","templated":true}]}}