{"id":97,"date":"2020-07-16T09:07:45","date_gmt":"2020-07-16T09:07:45","guid":{"rendered":"https:\/\/durmazhavuz.com\/?post_type=product&#038;p=97"},"modified":"2020-07-16T09:07:46","modified_gmt":"2020-07-16T09:07:46","slug":"havuz-bakimi-firmalari","status":"publish","type":"product","link":"https:\/\/durmazhavuz.com\/index.php\/urun\/havuz-bakimi-firmalari\/","title":{"rendered":"havuz bak\u0131m\u0131 firmalar\u0131"},"content":{"rendered":"<h4><span id=\"ctl00_ContentPlaceHolder1_laciklama\">havuz bak\u0131m\u0131 firmalar\u0131,istanbul havuz bak\u0131m\u0131,kocaeli havuz bak\u0131m\u0131,antalya havuz bak\u0131m\u0131,bursa havuz bak\u0131m\u0131,havuz bak\u0131m\u0131 ve yap\u0131m\u0131 konusunda en iyi yap\u0131 in\u015faatlar\u0131.<\/span><\/h4>\n","protected":false},"excerpt":{"rendered":"<p>havuz bak\u0131m\u0131 firmalar\u0131,istanbul havuz bak\u0131m\u0131,kocaeli havuz bak\u0131m\u0131,antalya havuz bak\u0131m\u0131,bursa havuz bak\u0131m\u0131,havuz bak\u0131m\u0131 ve yap\u0131m\u0131 konusunda en iyi yap\u0131 in\u015faatlar\u0131.<\/p>\n","protected":false},"featured_media":98,"comment_status":"open","ping_status":"closed","template":"","meta":[],"product_cat":[15],"product_tag":[],"_links":{"self":[{"href":"https:\/\/durmazhavuz.com\/index.php\/wp-json\/wp\/v2\/product\/97"}],"collection":[{"href":"https:\/\/durmazhavuz.com\/index.php\/wp-json\/wp\/v2\/product"}],"about":[{"href":"https:\/\/durmazhavuz.com\/index.php\/wp-json\/wp\/v2\/types\/product"}],"replies":[{"embeddable":true,"href":"https:\/\/durmazhavuz.com\/index.php\/wp-json\/wp\/v2\/comments?post=97"}],"wp:featuredmedia":[{"embeddable":true,"href":"https:\/\/durmazhavuz.com\/index.php\/wp-json\/wp\/v2\/media\/98"}],"wp:attachment":[{"href":"https:\/\/durmazhavuz.com\/index.php\/wp-json\/wp\/v2\/media?parent=97"}],"wp:term":[{"taxonomy":"product_cat","embeddable":true,"href":"https:\/\/durmazhavuz.com\/index.php\/wp-json\/wp\/v2\/product_cat?post=97"},{"taxonomy":"product_tag","embeddable":true,"href":"https:\/\/durmazhavuz.com\/index.php\/wp-json\/wp\/v2\/product_tag?post=97"}],"curies":[{"name":"wp","href":"https:\/\/api.w.org\/{rel}","templated":true}]}}